{"id":476,"date":"2023-06-14T16:52:55","date_gmt":"2023-06-14T14:52:55","guid":{"rendered":"https:\/\/gillespetitgats.fr\/?post_type=product&#038;p=476"},"modified":"2023-06-22T15:09:10","modified_gmt":"2023-06-22T13:09:10","slug":"le-petit-prince-de-la-mer","status":"publish","type":"product","link":"https:\/\/gillespetitgats.fr\/index.php\/product\/le-petit-prince-de-la-mer\/","title":{"rendered":"Le petit prince de la mer"},"content":{"rendered":"<p>Impression argentique sur papier Fine Art Baryt\u00e9 mat 310g<\/p>\n<p>Format : Sans cadre : 40X30 cm &#8211; Avec cadre : 50&#215;40 cm avec passe partout. Cadre Nielsen Appolo bois noir<\/p>\n<p>Frais de port inclus (en France m\u00e9tropolitaine uniquement)<\/p>\n<p>Chaque tableau photographique est num\u00e9rot\u00e9 de 1 \u00e0 15 et est sign\u00e9 par l\u2019artiste.<br \/>\nIl est envoy\u00e9 en parall\u00e8le un autocollant avec signature manuscrite + num\u00e9ro du tableau. Il sera \u00e0 coller derri\u00e8re la photo.<\/p>\n","protected":false},"excerpt":{"rendered":"<p>Impression argentique sur papier Fine Art Baryt\u00e9 mat 310g Format : Sans cadre : 40X30 cm &#8211; Avec cadre : 50&#215;40 cm avec passe partout. Cadre Nielsen Appolo bois noir Frais de port inclus (en France m\u00e9tropolitaine uniquement) Chaque tableau photographique est num\u00e9rot\u00e9 de 1 \u00e0 15 et est sign\u00e9 par l\u2019artiste. Il est envoy\u00e9 [&hellip;]<\/p>\n","protected":false},"featured_media":680,"template":"","meta":{"_et_pb_use_builder":"","_et_pb_old_content":"","_et_gb_content_width":"","om_disable_all_campaigns":false,"_monsterinsights_skip_tracking":false,"_monsterinsights_sitenote_active":false,"_monsterinsights_sitenote_note":"","_monsterinsights_sitenote_category":0,"_uf_show_specific_survey":0,"_uf_disable_surveys":false},"product_cat":[22],"product_tag":[],"class_list":{"0":"post-476","1":"product","2":"type-product","3":"status-publish","4":"has-post-thumbnail","6":"product_cat-jardin-des-petits-diables","8":"first","9":"instock","10":"purchasable","11":"product-type-variable"},"yoast_head":"<!-- This site is optimized with the Yoast SEO plugin v21.9.1 - https:\/\/yoast.com\/wordpress\/plugins\/seo\/ -->\n<title>Le petit prince de la mer - gillespetitgats.fr<\/title>\n<meta name=\"robots\" content=\"index, follow, max-snippet:-1, max-image-preview:large, max-video-preview:-1\" \/>\n<link rel=\"canonical\" href=\"https:\/\/gillespetitgats.fr\/index.php\/product\/le-petit-prince-de-la-mer\/\" \/>\n<meta property=\"og:locale\" content=\"fr_FR\" \/>\n<meta property=\"og:type\" content=\"article\" \/>\n<meta property=\"og:title\" content=\"Le petit prince de la mer - gillespetitgats.fr\" \/>\n<meta property=\"og:description\" content=\"Impression argentique sur papier Fine Art Baryt\u00e9 mat 310g Format : Sans cadre : 40X30 cm &#8211; Avec cadre : 50&#215;40 cm avec passe partout. Cadre Nielsen Appolo bois noir Frais de port inclus (en France m\u00e9tropolitaine uniquement) Chaque tableau photographique est num\u00e9rot\u00e9 de 1 \u00e0 15 et est sign\u00e9 par l\u2019artiste. Il est envoy\u00e9 [&hellip;]\" \/>\n<meta property=\"og:url\" content=\"https:\/\/gillespetitgats.fr\/index.php\/product\/le-petit-prince-de-la-mer\/\" \/>\n<meta property=\"og:site_name\" content=\"gillespetitgats.fr\" \/>\n<meta property=\"article:modified_time\" content=\"2023-06-22T13:09:10+00:00\" \/>\n<meta property=\"og:image\" content=\"https:\/\/gillespetitgats.fr\/wp-content\/uploads\/2023\/06\/Le-petit-prince-de-la-mer_encadre.jpg\" \/>\n\t<meta property=\"og:image:width\" content=\"500\" \/>\n\t<meta property=\"og:image:height\" content=\"500\" \/>\n\t<meta property=\"og:image:type\" content=\"image\/jpeg\" \/>\n<meta name=\"twitter:card\" content=\"summary_large_image\" \/>\n<script type=\"application\/ld+json\" class=\"yoast-schema-graph\">{\"@context\":\"https:\/\/schema.org\",\"@graph\":[{\"@type\":\"WebPage\",\"@id\":\"https:\/\/gillespetitgats.fr\/index.php\/product\/le-petit-prince-de-la-mer\/\",\"url\":\"https:\/\/gillespetitgats.fr\/index.php\/product\/le-petit-prince-de-la-mer\/\",\"name\":\"Le petit prince de la mer - gillespetitgats.fr\",\"isPartOf\":{\"@id\":\"https:\/\/gillespetitgats.fr\/#website\"},\"datePublished\":\"2023-06-14T14:52:55+00:00\",\"dateModified\":\"2023-06-22T13:09:10+00:00\",\"breadcrumb\":{\"@id\":\"https:\/\/gillespetitgats.fr\/index.php\/product\/le-petit-prince-de-la-mer\/#breadcrumb\"},\"inLanguage\":\"fr-FR\",\"potentialAction\":[{\"@type\":\"ReadAction\",\"target\":[\"https:\/\/gillespetitgats.fr\/index.php\/product\/le-petit-prince-de-la-mer\/\"]}]},{\"@type\":\"BreadcrumbList\",\"@id\":\"https:\/\/gillespetitgats.fr\/index.php\/product\/le-petit-prince-de-la-mer\/#breadcrumb\",\"itemListElement\":[{\"@type\":\"ListItem\",\"position\":1,\"name\":\"Accueil\",\"item\":\"https:\/\/gillespetitgats.fr\/\"},{\"@type\":\"ListItem\",\"position\":2,\"name\":\"Boutique\",\"item\":\"https:\/\/gillespetitgats.fr\/index.php\/shop\/\"},{\"@type\":\"ListItem\",\"position\":3,\"name\":\"Le petit prince de la mer\"}]},{\"@type\":\"WebSite\",\"@id\":\"https:\/\/gillespetitgats.fr\/#website\",\"url\":\"https:\/\/gillespetitgats.fr\/\",\"name\":\"gillespetitgats.fr\",\"description\":\"Auteur- artiste-photographe\",\"publisher\":{\"@id\":\"https:\/\/gillespetitgats.fr\/#\/schema\/person\/0c1662b608ef5808d4e9ee78910ee5a9\"},\"potentialAction\":[{\"@type\":\"SearchAction\",\"target\":{\"@type\":\"EntryPoint\",\"urlTemplate\":\"https:\/\/gillespetitgats.fr\/?s={search_term_string}\"},\"query-input\":\"required name=search_term_string\"}],\"inLanguage\":\"fr-FR\"},{\"@type\":[\"Person\",\"Organization\"],\"@id\":\"https:\/\/gillespetitgats.fr\/#\/schema\/person\/0c1662b608ef5808d4e9ee78910ee5a9\",\"name\":\"g.petitgats@gmail.com\",\"image\":{\"@type\":\"ImageObject\",\"inLanguage\":\"fr-FR\",\"@id\":\"https:\/\/gillespetitgats.fr\/#\/schema\/person\/image\/\",\"url\":\"https:\/\/secure.gravatar.com\/avatar\/764034e429ae1c266fdceb60dbdc9da0aea8e80c23e29afefc51dc8236875213?s=96&d=mm&r=g\",\"contentUrl\":\"https:\/\/secure.gravatar.com\/avatar\/764034e429ae1c266fdceb60dbdc9da0aea8e80c23e29afefc51dc8236875213?s=96&d=mm&r=g\",\"caption\":\"g.petitgats@gmail.com\"},\"logo\":{\"@id\":\"https:\/\/gillespetitgats.fr\/#\/schema\/person\/image\/\"},\"sameAs\":[\"http:\/\/gillespetitgats.fr\"]}]}<\/script>\n<!-- \/ Yoast SEO plugin. -->","yoast_head_json":{"title":"Le petit prince de la mer - gillespetitgats.fr","robots":{"index":"index","follow":"follow","max-snippet":"max-snippet:-1","max-image-preview":"max-image-preview:large","max-video-preview":"max-video-preview:-1"},"canonical":"https:\/\/gillespetitgats.fr\/index.php\/product\/le-petit-prince-de-la-mer\/","og_locale":"fr_FR","og_type":"article","og_title":"Le petit prince de la mer - gillespetitgats.fr","og_description":"Impression argentique sur papier Fine Art Baryt\u00e9 mat 310g Format : Sans cadre : 40X30 cm &#8211; Avec cadre : 50&#215;40 cm avec passe partout. Cadre Nielsen Appolo bois noir Frais de port inclus (en France m\u00e9tropolitaine uniquement) Chaque tableau photographique est num\u00e9rot\u00e9 de 1 \u00e0 15 et est sign\u00e9 par l\u2019artiste. Il est envoy\u00e9 [&hellip;]","og_url":"https:\/\/gillespetitgats.fr\/index.php\/product\/le-petit-prince-de-la-mer\/","og_site_name":"gillespetitgats.fr","article_modified_time":"2023-06-22T13:09:10+00:00","og_image":[{"width":500,"height":500,"url":"https:\/\/gillespetitgats.fr\/wp-content\/uploads\/2023\/06\/Le-petit-prince-de-la-mer_encadre.jpg","type":"image\/jpeg"}],"twitter_card":"summary_large_image","schema":{"@context":"https:\/\/schema.org","@graph":[{"@type":"WebPage","@id":"https:\/\/gillespetitgats.fr\/index.php\/product\/le-petit-prince-de-la-mer\/","url":"https:\/\/gillespetitgats.fr\/index.php\/product\/le-petit-prince-de-la-mer\/","name":"Le petit prince de la mer - gillespetitgats.fr","isPartOf":{"@id":"https:\/\/gillespetitgats.fr\/#website"},"datePublished":"2023-06-14T14:52:55+00:00","dateModified":"2023-06-22T13:09:10+00:00","breadcrumb":{"@id":"https:\/\/gillespetitgats.fr\/index.php\/product\/le-petit-prince-de-la-mer\/#breadcrumb"},"inLanguage":"fr-FR","potentialAction":[{"@type":"ReadAction","target":["https:\/\/gillespetitgats.fr\/index.php\/product\/le-petit-prince-de-la-mer\/"]}]},{"@type":"BreadcrumbList","@id":"https:\/\/gillespetitgats.fr\/index.php\/product\/le-petit-prince-de-la-mer\/#breadcrumb","itemListElement":[{"@type":"ListItem","position":1,"name":"Accueil","item":"https:\/\/gillespetitgats.fr\/"},{"@type":"ListItem","position":2,"name":"Boutique","item":"https:\/\/gillespetitgats.fr\/index.php\/shop\/"},{"@type":"ListItem","position":3,"name":"Le petit prince de la mer"}]},{"@type":"WebSite","@id":"https:\/\/gillespetitgats.fr\/#website","url":"https:\/\/gillespetitgats.fr\/","name":"gillespetitgats.fr","description":"Auteur- artiste-photographe","publisher":{"@id":"https:\/\/gillespetitgats.fr\/#\/schema\/person\/0c1662b608ef5808d4e9ee78910ee5a9"},"potentialAction":[{"@type":"SearchAction","target":{"@type":"EntryPoint","urlTemplate":"https:\/\/gillespetitgats.fr\/?s={search_term_string}"},"query-input":"required name=search_term_string"}],"inLanguage":"fr-FR"},{"@type":["Person","Organization"],"@id":"https:\/\/gillespetitgats.fr\/#\/schema\/person\/0c1662b608ef5808d4e9ee78910ee5a9","name":"g.petitgats@gmail.com","image":{"@type":"ImageObject","inLanguage":"fr-FR","@id":"https:\/\/gillespetitgats.fr\/#\/schema\/person\/image\/","url":"https:\/\/secure.gravatar.com\/avatar\/764034e429ae1c266fdceb60dbdc9da0aea8e80c23e29afefc51dc8236875213?s=96&d=mm&r=g","contentUrl":"https:\/\/secure.gravatar.com\/avatar\/764034e429ae1c266fdceb60dbdc9da0aea8e80c23e29afefc51dc8236875213?s=96&d=mm&r=g","caption":"g.petitgats@gmail.com"},"logo":{"@id":"https:\/\/gillespetitgats.fr\/#\/schema\/person\/image\/"},"sameAs":["http:\/\/gillespetitgats.fr"]}]}},"_links":{"self":[{"href":"https:\/\/gillespetitgats.fr\/index.php\/wp-json\/wp\/v2\/product\/476","targetHints":{"allow":["GET"]}}],"collection":[{"href":"https:\/\/gillespetitgats.fr\/index.php\/wp-json\/wp\/v2\/product"}],"about":[{"href":"https:\/\/gillespetitgats.fr\/index.php\/wp-json\/wp\/v2\/types\/product"}],"wp:featuredmedia":[{"embeddable":true,"href":"https:\/\/gillespetitgats.fr\/index.php\/wp-json\/wp\/v2\/media\/680"}],"wp:attachment":[{"href":"https:\/\/gillespetitgats.fr\/index.php\/wp-json\/wp\/v2\/media?parent=476"}],"wp:term":[{"taxonomy":"product_cat","embeddable":true,"href":"https:\/\/gillespetitgats.fr\/index.php\/wp-json\/wp\/v2\/product_cat?post=476"},{"taxonomy":"product_tag","embeddable":true,"href":"https:\/\/gillespetitgats.fr\/index.php\/wp-json\/wp\/v2\/product_tag?post=476"}],"curies":[{"name":"wp","href":"https:\/\/api.w.org\/{rel}","templated":true}]}}