{"id":9,"date":"2023-05-26T12:49:56","date_gmt":"2023-05-26T10:49:56","guid":{"rendered":"http:\/\/gillespetitgats.fr\/index.php\/cart\/"},"modified":"2023-06-23T10:34:10","modified_gmt":"2023-06-23T08:34:10","slug":"cart","status":"publish","type":"page","link":"https:\/\/gillespetitgats.fr\/index.php\/cart\/","title":{"rendered":"Cart"},"content":{"rendered":"\n\n\n[et_pb_section fb_built=\u00a0\u00bb1&Prime; _builder_version=\u00a0\u00bb4.16&Prime; global_colors_info=\u00a0\u00bb{}\u00a0\u00bb][et_pb_row _builder_version=\u00a0\u00bb4.21.0&Prime; background_size=\u00a0\u00bbinitial\u00a0\u00bb background_position=\u00a0\u00bbtop_left\u00a0\u00bb background_repeat=\u00a0\u00bbrepeat\u00a0\u00bb hover_enabled=\u00a0\u00bb0&Prime; global_colors_info=\u00a0\u00bb{}\u00a0\u00bb sticky_enabled=\u00a0\u00bb0&Prime;][et_pb_column type=\u00a0\u00bb4_4&Prime; _builder_version=\u00a0\u00bb4.21.0&Prime; custom_padding=\u00a0\u00bb|||\u00a0\u00bb hover_enabled=\u00a0\u00bb0&Prime; global_colors_info=\u00a0\u00bb{}\u00a0\u00bb custom_padding__hover=\u00a0\u00bb|||\u00a0\u00bb sticky_enabled=\u00a0\u00bb0&Prime;][et_pb_post_title meta=\u00a0\u00bboff\u00a0\u00bb featured_image=\u00a0\u00bboff\u00a0\u00bb _builder_version=\u00a0\u00bb4.16&Prime; global_colors_info=\u00a0\u00bb{}\u00a0\u00bb][\/et_pb_post_title][et_pb_wc_cart_notice _builder_version=\u00a0\u00bb4.21.0&Prime; hover_enabled=\u00a0\u00bb0&Prime; global_colors_info=\u00a0\u00bb{}\u00a0\u00bb sticky_enabled=\u00a0\u00bb0&Prime; custom_button=\u00a0\u00bbon\u00a0\u00bb button_text_color=\u00a0\u00bb#ffffff\u00a0\u00bb button_bg_color=\u00a0\u00bb#d7bb5e\u00a0\u00bb button_bg_enable_color=\u00a0\u00bbon\u00a0\u00bb button_border_width=\u00a0\u00bb0px\u00a0\u00bb button_border_radius=\u00a0\u00bb30px\u00a0\u00bb button_font=\u00a0\u00bb|||on|||||\u00a0\u00bb error_font=\u00a0\u00bb||||||||\u00a0\u00bb][\/et_pb_wc_cart_notice][et_pb_wc_cart_products _builder_version=\u00a0\u00bb4.21.0&Prime; hover_enabled=\u00a0\u00bb0&Prime; global_colors_info=\u00a0\u00bb{}\u00a0\u00bb sticky_enabled=\u00a0\u00bb0&Prime; custom_button=\u00a0\u00bbon\u00a0\u00bb custom_disabled_button=\u00a0\u00bbon\u00a0\u00bb disabled_button_text_color=\u00a0\u00bb#FFFFFF\u00a0\u00bb disabled_button_bg_color=\u00a0\u00bb#d7bb5e\u00a0\u00bb disabled_button_bg_enable_color=\u00a0\u00bbon\u00a0\u00bb disabled_button_border_width=\u00a0\u00bb0px\u00a0\u00bb disabled_button_border_radius=\u00a0\u00bb29px\u00a0\u00bb][\/et_pb_wc_cart_products][\/et_pb_column][\/et_pb_row][et_pb_row column_structure=\u00a0\u00bb1_2,1_2&Prime; _builder_version=\u00a0\u00bb4.16&Prime; background_size=\u00a0\u00bbinitial\u00a0\u00bb background_position=\u00a0\u00bbtop_left\u00a0\u00bb background_repeat=\u00a0\u00bbrepeat\u00a0\u00bb global_colors_info=\u00a0\u00bb{}\u00a0\u00bb][et_pb_column type=\u00a0\u00bb1_2&Prime; _builder_version=\u00a0\u00bb4.16&Prime; custom_padding=\u00a0\u00bb|||\u00a0\u00bb global_colors_info=\u00a0\u00bb{}\u00a0\u00bb custom_padding__hover=\u00a0\u00bb|||\u00a0\u00bb][et_pb_wc_cross_sells _builder_version=\u00a0\u00bb4.16&Prime; global_colors_info=\u00a0\u00bb{}\u00a0\u00bb][\/et_pb_wc_cross_sells][\/et_pb_column][et_pb_column type=\u00a0\u00bb1_2&Prime; _builder_version=\u00a0\u00bb4.16&Prime; custom_padding=\u00a0\u00bb|||\u00a0\u00bb global_colors_info=\u00a0\u00bb{}\u00a0\u00bb custom_padding__hover=\u00a0\u00bb|||\u00a0\u00bb][et_pb_wc_cart_totals _builder_version=\u00a0\u00bb4.21.0&Prime; hover_enabled=\u00a0\u00bb0&Prime; global_colors_info=\u00a0\u00bb{}\u00a0\u00bb custom_button=\u00a0\u00bbon\u00a0\u00bb button_bg_color=\u00a0\u00bb#d7bb5e\u00a0\u00bb button_bg_enable_color=\u00a0\u00bbon\u00a0\u00bb button_text_color=\u00a0\u00bb#FFFFFF\u00a0\u00bb button_border_width=\u00a0\u00bb0px\u00a0\u00bb button_border_radius=\u00a0\u00bb39px\u00a0\u00bb button_font=\u00a0\u00bb|||on|||||\u00a0\u00bb sticky_enabled=\u00a0\u00bb0&Prime;][\/et_pb_wc_cart_totals][\/et_pb_column][\/et_pb_row][\/et_pb_section]\n\n\n","protected":false},"excerpt":{"rendered":"","protected":false},"author":1,"featured_media":0,"parent":0,"menu_order":0,"comment_status":"closed","ping_status":"closed","template":"","meta":{"_et_pb_use_builder":"on","_et_pb_old_content":"<!-- wp:shortcode -->[woocommerce_cart]<!-- \/wp:shortcode -->","_et_gb_content_width":"","om_disable_all_campaigns":false,"_monsterinsights_skip_tracking":false,"_monsterinsights_sitenote_active":false,"_monsterinsights_sitenote_note":"","_monsterinsights_sitenote_category":0,"_uf_show_specific_survey":0,"_uf_disable_surveys":false,"footnotes":""},"class_list":["post-9","page","type-page","status-publish","hentry"],"yoast_head":"<!-- This site is optimized with the Yoast SEO plugin v21.9.1 - https:\/\/yoast.com\/wordpress\/plugins\/seo\/ -->\n<title>Cart - gillespetitgats.fr<\/title>\n<meta name=\"description\" content=\"Gilles Petit-Gats, panier : po\u00e8mes photographiques, impression argentique sur papier Fine Art Baryt\u00e9 mat 310g format 40\u00d730 cm ou 50\u00d740 cm\" \/>\n<meta name=\"robots\" content=\"index, follow, max-snippet:-1, max-image-preview:large, max-video-preview:-1\" \/>\n<link rel=\"canonical\" href=\"https:\/\/gillespetitgats.fr\/index.php\/cart\/\" \/>\n<meta property=\"og:locale\" content=\"fr_FR\" \/>\n<meta property=\"og:type\" content=\"article\" \/>\n<meta property=\"og:title\" content=\"Cart - gillespetitgats.fr\" \/>\n<meta property=\"og:description\" content=\"Gilles Petit-Gats, panier : po\u00e8mes photographiques, impression argentique sur papier Fine Art Baryt\u00e9 mat 310g format 40\u00d730 cm ou 50\u00d740 cm\" \/>\n<meta property=\"og:url\" content=\"https:\/\/gillespetitgats.fr\/index.php\/cart\/\" \/>\n<meta property=\"og:site_name\" content=\"gillespetitgats.fr\" \/>\n<meta property=\"article:modified_time\" content=\"2023-06-23T08:34:10+00:00\" \/>\n<meta property=\"og:image\" content=\"https:\/\/gillespetitgats.fr\/wp-content\/uploads\/2025\/12\/gilles-petit-gats-la-recherche-du-sens-saint-malo-bretagne-france-@gilles_petitgats_photographie-www.gillespetitgats.fr_.jpg\" \/>\n\t<meta property=\"og:image:width\" content=\"1000\" \/>\n\t<meta property=\"og:image:height\" content=\"1000\" \/>\n\t<meta property=\"og:image:type\" content=\"image\/jpeg\" \/>\n<meta name=\"twitter:card\" content=\"summary_large_image\" \/>\n<meta name=\"twitter:label1\" content=\"Dur\u00e9e de lecture estim\u00e9e\" \/>\n\t<meta name=\"twitter:data1\" content=\"1 minute\" \/>\n<script type=\"application\/ld+json\" class=\"yoast-schema-graph\">{\"@context\":\"https:\/\/schema.org\",\"@graph\":[{\"@type\":\"WebPage\",\"@id\":\"https:\/\/gillespetitgats.fr\/index.php\/cart\/\",\"url\":\"https:\/\/gillespetitgats.fr\/index.php\/cart\/\",\"name\":\"Cart - gillespetitgats.fr\",\"isPartOf\":{\"@id\":\"https:\/\/gillespetitgats.fr\/#website\"},\"datePublished\":\"2023-05-26T10:49:56+00:00\",\"dateModified\":\"2023-06-23T08:34:10+00:00\",\"description\":\"Gilles Petit-Gats, panier : po\u00e8mes photographiques, impression argentique sur papier Fine Art Baryt\u00e9 mat 310g format 40\u00d730 cm ou 50\u00d740 cm\",\"breadcrumb\":{\"@id\":\"https:\/\/gillespetitgats.fr\/index.php\/cart\/#breadcrumb\"},\"inLanguage\":\"fr-FR\",\"potentialAction\":[{\"@type\":\"ReadAction\",\"target\":[\"https:\/\/gillespetitgats.fr\/index.php\/cart\/\"]}]},{\"@type\":\"BreadcrumbList\",\"@id\":\"https:\/\/gillespetitgats.fr\/index.php\/cart\/#breadcrumb\",\"itemListElement\":[{\"@type\":\"ListItem\",\"position\":1,\"name\":\"Accueil\",\"item\":\"https:\/\/gillespetitgats.fr\/\"},{\"@type\":\"ListItem\",\"position\":2,\"name\":\"Cart\"}]},{\"@type\":\"WebSite\",\"@id\":\"https:\/\/gillespetitgats.fr\/#website\",\"url\":\"https:\/\/gillespetitgats.fr\/\",\"name\":\"gillespetitgats.fr\",\"description\":\"Auteur- artiste-photographe\",\"publisher\":{\"@id\":\"https:\/\/gillespetitgats.fr\/#\/schema\/person\/0c1662b608ef5808d4e9ee78910ee5a9\"},\"potentialAction\":[{\"@type\":\"SearchAction\",\"target\":{\"@type\":\"EntryPoint\",\"urlTemplate\":\"https:\/\/gillespetitgats.fr\/?s={search_term_string}\"},\"query-input\":\"required name=search_term_string\"}],\"inLanguage\":\"fr-FR\"},{\"@type\":[\"Person\",\"Organization\"],\"@id\":\"https:\/\/gillespetitgats.fr\/#\/schema\/person\/0c1662b608ef5808d4e9ee78910ee5a9\",\"name\":\"g.petitgats@gmail.com\",\"image\":{\"@type\":\"ImageObject\",\"inLanguage\":\"fr-FR\",\"@id\":\"https:\/\/gillespetitgats.fr\/#\/schema\/person\/image\/\",\"url\":\"https:\/\/secure.gravatar.com\/avatar\/764034e429ae1c266fdceb60dbdc9da0aea8e80c23e29afefc51dc8236875213?s=96&d=mm&r=g\",\"contentUrl\":\"https:\/\/secure.gravatar.com\/avatar\/764034e429ae1c266fdceb60dbdc9da0aea8e80c23e29afefc51dc8236875213?s=96&d=mm&r=g\",\"caption\":\"g.petitgats@gmail.com\"},\"logo\":{\"@id\":\"https:\/\/gillespetitgats.fr\/#\/schema\/person\/image\/\"},\"sameAs\":[\"http:\/\/gillespetitgats.fr\"]}]}<\/script>\n<!-- \/ Yoast SEO plugin. -->","yoast_head_json":{"title":"Cart - gillespetitgats.fr","description":"Gilles Petit-Gats, panier : po\u00e8mes photographiques, impression argentique sur papier Fine Art Baryt\u00e9 mat 310g format 40\u00d730 cm ou 50\u00d740 cm","robots":{"index":"index","follow":"follow","max-snippet":"max-snippet:-1","max-image-preview":"max-image-preview:large","max-video-preview":"max-video-preview:-1"},"canonical":"https:\/\/gillespetitgats.fr\/index.php\/cart\/","og_locale":"fr_FR","og_type":"article","og_title":"Cart - gillespetitgats.fr","og_description":"Gilles Petit-Gats, panier : po\u00e8mes photographiques, impression argentique sur papier Fine Art Baryt\u00e9 mat 310g format 40\u00d730 cm ou 50\u00d740 cm","og_url":"https:\/\/gillespetitgats.fr\/index.php\/cart\/","og_site_name":"gillespetitgats.fr","article_modified_time":"2023-06-23T08:34:10+00:00","og_image":[{"width":1000,"height":1000,"url":"https:\/\/gillespetitgats.fr\/wp-content\/uploads\/2025\/12\/gilles-petit-gats-la-recherche-du-sens-saint-malo-bretagne-france-@gilles_petitgats_photographie-www.gillespetitgats.fr_.jpg","type":"image\/jpeg"}],"twitter_card":"summary_large_image","twitter_misc":{"Dur\u00e9e de lecture estim\u00e9e":"1 minute"},"schema":{"@context":"https:\/\/schema.org","@graph":[{"@type":"WebPage","@id":"https:\/\/gillespetitgats.fr\/index.php\/cart\/","url":"https:\/\/gillespetitgats.fr\/index.php\/cart\/","name":"Cart - gillespetitgats.fr","isPartOf":{"@id":"https:\/\/gillespetitgats.fr\/#website"},"datePublished":"2023-05-26T10:49:56+00:00","dateModified":"2023-06-23T08:34:10+00:00","description":"Gilles Petit-Gats, panier : po\u00e8mes photographiques, impression argentique sur papier Fine Art Baryt\u00e9 mat 310g format 40\u00d730 cm ou 50\u00d740 cm","breadcrumb":{"@id":"https:\/\/gillespetitgats.fr\/index.php\/cart\/#breadcrumb"},"inLanguage":"fr-FR","potentialAction":[{"@type":"ReadAction","target":["https:\/\/gillespetitgats.fr\/index.php\/cart\/"]}]},{"@type":"BreadcrumbList","@id":"https:\/\/gillespetitgats.fr\/index.php\/cart\/#breadcrumb","itemListElement":[{"@type":"ListItem","position":1,"name":"Accueil","item":"https:\/\/gillespetitgats.fr\/"},{"@type":"ListItem","position":2,"name":"Cart"}]},{"@type":"WebSite","@id":"https:\/\/gillespetitgats.fr\/#website","url":"https:\/\/gillespetitgats.fr\/","name":"gillespetitgats.fr","description":"Auteur- artiste-photographe","publisher":{"@id":"https:\/\/gillespetitgats.fr\/#\/schema\/person\/0c1662b608ef5808d4e9ee78910ee5a9"},"potentialAction":[{"@type":"SearchAction","target":{"@type":"EntryPoint","urlTemplate":"https:\/\/gillespetitgats.fr\/?s={search_term_string}"},"query-input":"required name=search_term_string"}],"inLanguage":"fr-FR"},{"@type":["Person","Organization"],"@id":"https:\/\/gillespetitgats.fr\/#\/schema\/person\/0c1662b608ef5808d4e9ee78910ee5a9","name":"g.petitgats@gmail.com","image":{"@type":"ImageObject","inLanguage":"fr-FR","@id":"https:\/\/gillespetitgats.fr\/#\/schema\/person\/image\/","url":"https:\/\/secure.gravatar.com\/avatar\/764034e429ae1c266fdceb60dbdc9da0aea8e80c23e29afefc51dc8236875213?s=96&d=mm&r=g","contentUrl":"https:\/\/secure.gravatar.com\/avatar\/764034e429ae1c266fdceb60dbdc9da0aea8e80c23e29afefc51dc8236875213?s=96&d=mm&r=g","caption":"g.petitgats@gmail.com"},"logo":{"@id":"https:\/\/gillespetitgats.fr\/#\/schema\/person\/image\/"},"sameAs":["http:\/\/gillespetitgats.fr"]}]}},"_links":{"self":[{"href":"https:\/\/gillespetitgats.fr\/index.php\/wp-json\/wp\/v2\/pages\/9","targetHints":{"allow":["GET"]}}],"collection":[{"href":"https:\/\/gillespetitgats.fr\/index.php\/wp-json\/wp\/v2\/pages"}],"about":[{"href":"https:\/\/gillespetitgats.fr\/index.php\/wp-json\/wp\/v2\/types\/page"}],"author":[{"embeddable":true,"href":"https:\/\/gillespetitgats.fr\/index.php\/wp-json\/wp\/v2\/users\/1"}],"replies":[{"embeddable":true,"href":"https:\/\/gillespetitgats.fr\/index.php\/wp-json\/wp\/v2\/comments?post=9"}],"version-history":[{"count":3,"href":"https:\/\/gillespetitgats.fr\/index.php\/wp-json\/wp\/v2\/pages\/9\/revisions"}],"predecessor-version":[{"id":695,"href":"https:\/\/gillespetitgats.fr\/index.php\/wp-json\/wp\/v2\/pages\/9\/revisions\/695"}],"wp:attachment":[{"href":"https:\/\/gillespetitgats.fr\/index.php\/wp-json\/wp\/v2\/media?parent=9"}],"curies":[{"name":"wp","href":"https:\/\/api.w.org\/{rel}","templated":true}]}}