{"id":648,"date":"2023-06-22T14:14:10","date_gmt":"2023-06-22T12:14:10","guid":{"rendered":"https:\/\/gillespetitgats.fr\/?page_id=648"},"modified":"2025-12-23T21:11:53","modified_gmt":"2025-12-23T20:11:53","slug":"demarche-artistique-photographe","status":"publish","type":"page","link":"https:\/\/gillespetitgats.fr\/index.php\/demarche-artistique-photographe\/","title":{"rendered":"D\u00e9marche artistique photographe"},"content":{"rendered":"<p>[et_pb_section fb_built=\u00a0\u00bb1&Prime; admin_label=\u00a0\u00bbAbout Us Section\u00a0\u00bb _builder_version=\u00a0\u00bb4.24.0&Prime; background_image=\u00a0\u00bbhttps:\/\/gillespetitgats.fr\/wp-content\/uploads\/2025\/12\/19d-scaled.jpg\u00a0\u00bb parallax=\u00a0\u00bbon\u00a0\u00bb custom_margin=\u00a0\u00bb|5%||5%\u00a0\u00bb custom_margin_tablet=\u00a0\u00bb\u00a0\u00bb custom_margin_phone=\u00a0\u00bb|0px||0px\u00a0\u00bb custom_margin_last_edited=\u00a0\u00bbon|phone\u00a0\u00bb custom_padding=\u00a0\u00bb9.9%|||||\u00a0\u00bb animation_style=\u00a0\u00bbzoom\u00a0\u00bb animation_direction=\u00a0\u00bbtop\u00a0\u00bb animation_intensity_zoom=\u00a0\u00bb5%\u00a0\u00bb box_shadow_style=\u00a0\u00bbpreset7&Prime; box_shadow_horizontal=\u00a0\u00bb0px\u00a0\u00bb box_shadow_vertical=\u00a0\u00bb-200px\u00a0\u00bb box_shadow_color=\u00a0\u00bb#ffffff\u00a0\u00bb global_colors_info=\u00a0\u00bb{}\u00a0\u00bb][et_pb_row column_structure=\u00a0\u00bb2_3,1_3&Prime; admin_label=\u00a0\u00bbAbout Us Area\u00a0\u00bb _builder_version=\u00a0\u00bb4.24.0&Prime; use_background_color_gradient=\u00a0\u00bbon\u00a0\u00bb background_image=\u00a0\u00bbhttps:\/\/gillespetitgats.fr\/wp-content\/uploads\/2025\/12\/10d-scaled.jpg\u00a0\u00bb background_size=\u00a0\u00bbinitial\u00a0\u00bb background_position=\u00a0\u00bbtop_left\u00a0\u00bb background_repeat=\u00a0\u00bbrepeat\u00a0\u00bb custom_padding=\u00a0\u00bb27px|0px|0px|0px\u00a0\u00bb hover_enabled=\u00a0\u00bb0&Prime; global_colors_info=\u00a0\u00bb{}\u00a0\u00bb title_text=\u00a0\u00bb10d\u00a0\u00bb sticky_enabled=\u00a0\u00bb0&Prime;][et_pb_column type=\u00a0\u00bb2_3&Prime; _builder_version=\u00a0\u00bb4.16&Prime; custom_padding=\u00a0\u00bb|||\u00a0\u00bb global_colors_info=\u00a0\u00bb{}\u00a0\u00bb custom_padding__hover=\u00a0\u00bb|||\u00a0\u00bb][et_pb_text admin_label=\u00a0\u00bbTitle\u00a0\u00bb _builder_version=\u00a0\u00bb4.24.0&Prime; text_font=\u00a0\u00bb||||||||\u00a0\u00bb text_text_color=\u00a0\u00bb#3e5149&Prime; text_line_height=\u00a0\u00bb1.5em\u00a0\u00bb header_font=\u00a0\u00bbRoboto Condensed|300||on|||||\u00a0\u00bb header_text_align=\u00a0\u00bbleft\u00a0\u00bb header_text_color=\u00a0\u00bb#7ba89f\u00a0\u00bb header_font_size=\u00a0\u00bb36px\u00a0\u00bb header_line_height=\u00a0\u00bb1.1em\u00a0\u00bb header_2_font=\u00a0\u00bbMontserrat|700||on|||||\u00a0\u00bb header_2_font_size=\u00a0\u00bb42px\u00a0\u00bb header_2_line_height=\u00a0\u00bb1.3em\u00a0\u00bb background_color=\u00a0\u00bb#f7f7f7&Prime; background_size=\u00a0\u00bbinitial\u00a0\u00bb background_position=\u00a0\u00bbtop_left\u00a0\u00bb background_repeat=\u00a0\u00bbrepeat\u00a0\u00bb max_width=\u00a0\u00bb700px\u00a0\u00bb module_alignment=\u00a0\u00bbleft\u00a0\u00bb custom_margin=\u00a0\u00bb|||\u00a0\u00bb custom_padding=\u00a0\u00bb10%|10%|10%|10%\u00a0\u00bb animation_style=\u00a0\u00bbslide\u00a0\u00bb animation_direction=\u00a0\u00bbbottom\u00a0\u00bb animation_intensity_slide=\u00a0\u00bb4%\u00a0\u00bb animation_starting_opacity=\u00a0\u00bb100%\u00a0\u00bb hover_enabled=\u00a0\u00bb0&Prime; header_font_size_tablet=\u00a0\u00bb36px\u00a0\u00bb header_font_size_phone=\u00a0\u00bb32px\u00a0\u00bb header_font_size_last_edited=\u00a0\u00bbon|phone\u00a0\u00bb box_shadow_style=\u00a0\u00bbpreset1&Prime; box_shadow_vertical=\u00a0\u00bb15px\u00a0\u00bb box_shadow_blur=\u00a0\u00bb45px\u00a0\u00bb box_shadow_color=\u00a0\u00bbrgba(0,0,0,0.15)\u00a0\u00bb locked=\u00a0\u00bboff\u00a0\u00bb global_colors_info=\u00a0\u00bb{}\u00a0\u00bb sticky_enabled=\u00a0\u00bb0&Prime;]<\/p>\n<div class=\"texteditor-inline-lineheight\">\n<h1 class=\"texteditor-inline-lineheight\" style=\"text-align: center;\"><span><span class=\"texteditor-inline-color\">d\u00e9marche artistique<\/span><\/span><\/h1>\n<div class=\"texteditor-inline-lineheight\"><span><span class=\"texteditor-inline-color\"><\/span><\/span><\/div>\n<div class=\"texteditor-inline-lineheight\"><\/div>\n<div class=\"texteditor-inline-lineheight\"><\/div>\n<div class=\"texteditor-inline-lineheight\"><\/div>\n<\/div>\n<p>[\/et_pb_text][et_pb_text admin_label=\u00a0\u00bbTitle\u00a0\u00bb _builder_version=\u00a0\u00bb4.24.0&Prime; text_font=\u00a0\u00bb||||||||\u00a0\u00bb text_text_color=\u00a0\u00bb#3e5149&Prime; text_line_height=\u00a0\u00bb1.5em\u00a0\u00bb header_font=\u00a0\u00bbRoboto Condensed|300||on|||||\u00a0\u00bb header_text_align=\u00a0\u00bbleft\u00a0\u00bb header_text_color=\u00a0\u00bb#7ba89f\u00a0\u00bb header_font_size=\u00a0\u00bb36px\u00a0\u00bb header_line_height=\u00a0\u00bb1.1em\u00a0\u00bb header_2_font=\u00a0\u00bbMontserrat|700||on|||||\u00a0\u00bb header_2_font_size=\u00a0\u00bb42px\u00a0\u00bb header_2_line_height=\u00a0\u00bb1.3em\u00a0\u00bb background_color=\u00a0\u00bb#f7f7f7&Prime; background_size=\u00a0\u00bbinitial\u00a0\u00bb background_position=\u00a0\u00bbtop_left\u00a0\u00bb background_repeat=\u00a0\u00bbrepeat\u00a0\u00bb max_width=\u00a0\u00bb700px\u00a0\u00bb module_alignment=\u00a0\u00bbleft\u00a0\u00bb custom_margin=\u00a0\u00bb|||\u00a0\u00bb custom_padding=\u00a0\u00bb10%|10%|10%|10%\u00a0\u00bb animation_style=\u00a0\u00bbslide\u00a0\u00bb animation_direction=\u00a0\u00bbbottom\u00a0\u00bb animation_intensity_slide=\u00a0\u00bb4%\u00a0\u00bb animation_starting_opacity=\u00a0\u00bb100%\u00a0\u00bb hover_enabled=\u00a0\u00bb0&Prime; header_font_size_tablet=\u00a0\u00bb36px\u00a0\u00bb header_font_size_phone=\u00a0\u00bb32px\u00a0\u00bb header_font_size_last_edited=\u00a0\u00bbon|phone\u00a0\u00bb box_shadow_style=\u00a0\u00bbpreset1&Prime; box_shadow_vertical=\u00a0\u00bb15px\u00a0\u00bb box_shadow_blur=\u00a0\u00bb45px\u00a0\u00bb box_shadow_color=\u00a0\u00bbrgba(0,0,0,0.15)\u00a0\u00bb locked=\u00a0\u00bboff\u00a0\u00bb global_colors_info=\u00a0\u00bb{}\u00a0\u00bb sticky_enabled=\u00a0\u00bb0&Prime;]<\/p>\n<div class=\"texteditor-inline-lineheight\">\n<div class=\"texteditor-inline-lineheight\">\n<p>Que se passe-t-il au-del\u00e0 de\u00a0ce que l&rsquo;on croit voir, comme \u00e7a, juste en passant ?<\/p>\n<p>Avoir cru voir ou avoir voulu croire ?<\/p>\n<p>Mes photos tentent de raconter une histoire, une anecdote de l&rsquo;intimit\u00e9.<\/p>\n<p>En d\u00e9ambulant de rives en rives, de trottoirs en trottoirs, de villes en villes, de r\u00e9gions en r\u00e9gions, qu&rsquo;aurais-je cru voir ?\u00a0Nous vivons avant tout dans un monde humain m\u00eame devant un paysage naturel.<\/p>\n<p>Les reliances sont partout.<\/p>\n<p>Il existe vraiment un monde o\u00f9 le silence bruisse entre deux claquements, deux rafales de vent, deux passages de voitures, deux conversations, deux sir\u00e8nes, deux m\u00e9tros &#8230; Ce silence irrigue les \u00eatres, les illumine juste un instant, ravivant une sorte de profond d\u00e9sir de vivre.<\/p>\n<p>A cet instant, la lumi\u00e8re ne vient plus de l&rsquo;ext\u00e9rieur mais de l&rsquo;int\u00e9rieur. Les basses lumi\u00e8res deviennent alors celles du silence retrouv\u00e9.\u00a0Les hautes lumi\u00e8res crient beaucoup trop \u2026<\/p>\n<p>Ancien parisien vivant aujourd&rsquo;hui en Bretagne, apr\u00e8s une vie professionnelle intense \u00e0 Paris, je suis devenu promeneur solitaire au gr\u00e9 des hameaux, des vallons, des quartiers p\u00e9riph\u00e9riques, des baies et des pointes de littoral &#8230; le cri des go\u00e9lands au-dessus du vrombissement\u00a0du tracteur\u00a0fouillant la terre, m&rsquo;a donn\u00e9 l&rsquo;id\u00e9e tenace que tout se relie, que tout est interd\u00e9pendant, que personne n&rsquo;est seul mais que peu le savent.<\/p>\n<\/div>\n<div class=\"texteditor-inline-lineheight\"><\/div>\n<div class=\"texteditor-inline-lineheight\"><\/div>\n<div class=\"texteditor-inline-lineheight\"><\/div>\n<\/div>\n<p>[\/et_pb_text][\/et_pb_column][et_pb_column type=\u00a0\u00bb1_3&Prime; _builder_version=\u00a0\u00bb4.16&Prime; custom_padding=\u00a0\u00bb|||\u00a0\u00bb global_colors_info=\u00a0\u00bb{}\u00a0\u00bb custom_padding__hover=\u00a0\u00bb|||\u00a0\u00bb][\/et_pb_column][\/et_pb_row][\/et_pb_section]<\/p>\n","protected":false},"excerpt":{"rendered":"<p>d\u00e9marche artistique Que se passe-t-il au-del\u00e0 de\u00a0ce que l&rsquo;on croit voir, comme \u00e7a, juste en passant ? Avoir cru voir ou avoir voulu croire ? Mes photos tentent de raconter une histoire, une anecdote de l&rsquo;intimit\u00e9. En d\u00e9ambulant de rives en rives, de trottoirs en trottoirs, de villes en villes, de r\u00e9gions en r\u00e9gions, qu&rsquo;aurais-je [&hellip;]<\/p>\n","protected":false},"author":1,"featured_media":0,"parent":0,"menu_order":0,"comment_status":"closed","ping_status":"closed","template":"","meta":{"_et_pb_use_builder":"on","_et_pb_old_content":"<!-- wp:divi\/placeholder \/-->","_et_gb_content_width":"","om_disable_all_campaigns":false,"_monsterinsights_skip_tracking":false,"_monsterinsights_sitenote_active":false,"_monsterinsights_sitenote_note":"","_monsterinsights_sitenote_category":0,"_uf_show_specific_survey":0,"_uf_disable_surveys":false,"footnotes":""},"class_list":["post-648","page","type-page","status-publish","hentry"],"yoast_head":"<!-- This site is optimized with the Yoast SEO plugin v21.9.1 - https:\/\/yoast.com\/wordpress\/plugins\/seo\/ -->\n<title>D\u00e9marche artistique photographe - gillespetitgats.fr<\/title>\n<meta name=\"robots\" content=\"index, follow, max-snippet:-1, max-image-preview:large, max-video-preview:-1\" \/>\n<link rel=\"canonical\" href=\"https:\/\/gillespetitgats.fr\/index.php\/demarche-artistique-photographe\/\" \/>\n<meta property=\"og:locale\" content=\"fr_FR\" \/>\n<meta property=\"og:type\" content=\"article\" \/>\n<meta property=\"og:title\" content=\"D\u00e9marche artistique photographe - gillespetitgats.fr\" \/>\n<meta property=\"og:description\" content=\"d\u00e9marche artistique Que se passe-t-il au-del\u00e0 de\u00a0ce que l&#039;on croit voir, comme \u00e7a, juste en passant ? Avoir cru voir ou avoir voulu croire ? Mes photos tentent de raconter une histoire, une anecdote de l&#039;intimit\u00e9. En d\u00e9ambulant de rives en rives, de trottoirs en trottoirs, de villes en villes, de r\u00e9gions en r\u00e9gions, qu&#039;aurais-je [&hellip;]\" \/>\n<meta property=\"og:url\" content=\"https:\/\/gillespetitgats.fr\/index.php\/demarche-artistique-photographe\/\" \/>\n<meta property=\"og:site_name\" content=\"gillespetitgats.fr\" \/>\n<meta property=\"article:modified_time\" content=\"2025-12-23T20:11:53+00:00\" \/>\n<meta property=\"og:image\" content=\"https:\/\/gillespetitgats.fr\/wp-content\/uploads\/2025\/12\/gilles-petit-gats-la-recherche-du-sens-saint-malo-bretagne-france-@gilles_petitgats_photographie-www.gillespetitgats.fr_.jpg\" \/>\n\t<meta property=\"og:image:width\" content=\"1000\" \/>\n\t<meta property=\"og:image:height\" content=\"1000\" \/>\n\t<meta property=\"og:image:type\" content=\"image\/jpeg\" \/>\n<meta name=\"twitter:card\" content=\"summary_large_image\" \/>\n<meta name=\"twitter:label1\" content=\"Dur\u00e9e de lecture estim\u00e9e\" \/>\n\t<meta name=\"twitter:data1\" content=\"3 minutes\" \/>\n<script type=\"application\/ld+json\" class=\"yoast-schema-graph\">{\"@context\":\"https:\/\/schema.org\",\"@graph\":[{\"@type\":\"WebPage\",\"@id\":\"https:\/\/gillespetitgats.fr\/index.php\/demarche-artistique-photographe\/\",\"url\":\"https:\/\/gillespetitgats.fr\/index.php\/demarche-artistique-photographe\/\",\"name\":\"D\u00e9marche artistique photographe - gillespetitgats.fr\",\"isPartOf\":{\"@id\":\"https:\/\/gillespetitgats.fr\/#website\"},\"datePublished\":\"2023-06-22T12:14:10+00:00\",\"dateModified\":\"2025-12-23T20:11:53+00:00\",\"breadcrumb\":{\"@id\":\"https:\/\/gillespetitgats.fr\/index.php\/demarche-artistique-photographe\/#breadcrumb\"},\"inLanguage\":\"fr-FR\",\"potentialAction\":[{\"@type\":\"ReadAction\",\"target\":[\"https:\/\/gillespetitgats.fr\/index.php\/demarche-artistique-photographe\/\"]}]},{\"@type\":\"BreadcrumbList\",\"@id\":\"https:\/\/gillespetitgats.fr\/index.php\/demarche-artistique-photographe\/#breadcrumb\",\"itemListElement\":[{\"@type\":\"ListItem\",\"position\":1,\"name\":\"Accueil\",\"item\":\"https:\/\/gillespetitgats.fr\/\"},{\"@type\":\"ListItem\",\"position\":2,\"name\":\"D\u00e9marche artistique photographe\"}]},{\"@type\":\"WebSite\",\"@id\":\"https:\/\/gillespetitgats.fr\/#website\",\"url\":\"https:\/\/gillespetitgats.fr\/\",\"name\":\"gillespetitgats.fr\",\"description\":\"Auteur- artiste-photographe\",\"publisher\":{\"@id\":\"https:\/\/gillespetitgats.fr\/#\/schema\/person\/0c1662b608ef5808d4e9ee78910ee5a9\"},\"potentialAction\":[{\"@type\":\"SearchAction\",\"target\":{\"@type\":\"EntryPoint\",\"urlTemplate\":\"https:\/\/gillespetitgats.fr\/?s={search_term_string}\"},\"query-input\":\"required name=search_term_string\"}],\"inLanguage\":\"fr-FR\"},{\"@type\":[\"Person\",\"Organization\"],\"@id\":\"https:\/\/gillespetitgats.fr\/#\/schema\/person\/0c1662b608ef5808d4e9ee78910ee5a9\",\"name\":\"g.petitgats@gmail.com\",\"image\":{\"@type\":\"ImageObject\",\"inLanguage\":\"fr-FR\",\"@id\":\"https:\/\/gillespetitgats.fr\/#\/schema\/person\/image\/\",\"url\":\"https:\/\/secure.gravatar.com\/avatar\/764034e429ae1c266fdceb60dbdc9da0aea8e80c23e29afefc51dc8236875213?s=96&d=mm&r=g\",\"contentUrl\":\"https:\/\/secure.gravatar.com\/avatar\/764034e429ae1c266fdceb60dbdc9da0aea8e80c23e29afefc51dc8236875213?s=96&d=mm&r=g\",\"caption\":\"g.petitgats@gmail.com\"},\"logo\":{\"@id\":\"https:\/\/gillespetitgats.fr\/#\/schema\/person\/image\/\"},\"sameAs\":[\"http:\/\/gillespetitgats.fr\"]}]}<\/script>\n<!-- \/ Yoast SEO plugin. -->","yoast_head_json":{"title":"D\u00e9marche artistique photographe - gillespetitgats.fr","robots":{"index":"index","follow":"follow","max-snippet":"max-snippet:-1","max-image-preview":"max-image-preview:large","max-video-preview":"max-video-preview:-1"},"canonical":"https:\/\/gillespetitgats.fr\/index.php\/demarche-artistique-photographe\/","og_locale":"fr_FR","og_type":"article","og_title":"D\u00e9marche artistique photographe - gillespetitgats.fr","og_description":"d\u00e9marche artistique Que se passe-t-il au-del\u00e0 de\u00a0ce que l'on croit voir, comme \u00e7a, juste en passant ? Avoir cru voir ou avoir voulu croire ? Mes photos tentent de raconter une histoire, une anecdote de l'intimit\u00e9. En d\u00e9ambulant de rives en rives, de trottoirs en trottoirs, de villes en villes, de r\u00e9gions en r\u00e9gions, qu'aurais-je [&hellip;]","og_url":"https:\/\/gillespetitgats.fr\/index.php\/demarche-artistique-photographe\/","og_site_name":"gillespetitgats.fr","article_modified_time":"2025-12-23T20:11:53+00:00","og_image":[{"width":1000,"height":1000,"url":"https:\/\/gillespetitgats.fr\/wp-content\/uploads\/2025\/12\/gilles-petit-gats-la-recherche-du-sens-saint-malo-bretagne-france-@gilles_petitgats_photographie-www.gillespetitgats.fr_.jpg","type":"image\/jpeg"}],"twitter_card":"summary_large_image","twitter_misc":{"Dur\u00e9e de lecture estim\u00e9e":"3 minutes"},"schema":{"@context":"https:\/\/schema.org","@graph":[{"@type":"WebPage","@id":"https:\/\/gillespetitgats.fr\/index.php\/demarche-artistique-photographe\/","url":"https:\/\/gillespetitgats.fr\/index.php\/demarche-artistique-photographe\/","name":"D\u00e9marche artistique photographe - gillespetitgats.fr","isPartOf":{"@id":"https:\/\/gillespetitgats.fr\/#website"},"datePublished":"2023-06-22T12:14:10+00:00","dateModified":"2025-12-23T20:11:53+00:00","breadcrumb":{"@id":"https:\/\/gillespetitgats.fr\/index.php\/demarche-artistique-photographe\/#breadcrumb"},"inLanguage":"fr-FR","potentialAction":[{"@type":"ReadAction","target":["https:\/\/gillespetitgats.fr\/index.php\/demarche-artistique-photographe\/"]}]},{"@type":"BreadcrumbList","@id":"https:\/\/gillespetitgats.fr\/index.php\/demarche-artistique-photographe\/#breadcrumb","itemListElement":[{"@type":"ListItem","position":1,"name":"Accueil","item":"https:\/\/gillespetitgats.fr\/"},{"@type":"ListItem","position":2,"name":"D\u00e9marche artistique photographe"}]},{"@type":"WebSite","@id":"https:\/\/gillespetitgats.fr\/#website","url":"https:\/\/gillespetitgats.fr\/","name":"gillespetitgats.fr","description":"Auteur- artiste-photographe","publisher":{"@id":"https:\/\/gillespetitgats.fr\/#\/schema\/person\/0c1662b608ef5808d4e9ee78910ee5a9"},"potentialAction":[{"@type":"SearchAction","target":{"@type":"EntryPoint","urlTemplate":"https:\/\/gillespetitgats.fr\/?s={search_term_string}"},"query-input":"required name=search_term_string"}],"inLanguage":"fr-FR"},{"@type":["Person","Organization"],"@id":"https:\/\/gillespetitgats.fr\/#\/schema\/person\/0c1662b608ef5808d4e9ee78910ee5a9","name":"g.petitgats@gmail.com","image":{"@type":"ImageObject","inLanguage":"fr-FR","@id":"https:\/\/gillespetitgats.fr\/#\/schema\/person\/image\/","url":"https:\/\/secure.gravatar.com\/avatar\/764034e429ae1c266fdceb60dbdc9da0aea8e80c23e29afefc51dc8236875213?s=96&d=mm&r=g","contentUrl":"https:\/\/secure.gravatar.com\/avatar\/764034e429ae1c266fdceb60dbdc9da0aea8e80c23e29afefc51dc8236875213?s=96&d=mm&r=g","caption":"g.petitgats@gmail.com"},"logo":{"@id":"https:\/\/gillespetitgats.fr\/#\/schema\/person\/image\/"},"sameAs":["http:\/\/gillespetitgats.fr"]}]}},"_links":{"self":[{"href":"https:\/\/gillespetitgats.fr\/index.php\/wp-json\/wp\/v2\/pages\/648","targetHints":{"allow":["GET"]}}],"collection":[{"href":"https:\/\/gillespetitgats.fr\/index.php\/wp-json\/wp\/v2\/pages"}],"about":[{"href":"https:\/\/gillespetitgats.fr\/index.php\/wp-json\/wp\/v2\/types\/page"}],"author":[{"embeddable":true,"href":"https:\/\/gillespetitgats.fr\/index.php\/wp-json\/wp\/v2\/users\/1"}],"replies":[{"embeddable":true,"href":"https:\/\/gillespetitgats.fr\/index.php\/wp-json\/wp\/v2\/comments?post=648"}],"version-history":[{"count":8,"href":"https:\/\/gillespetitgats.fr\/index.php\/wp-json\/wp\/v2\/pages\/648\/revisions"}],"predecessor-version":[{"id":2341,"href":"https:\/\/gillespetitgats.fr\/index.php\/wp-json\/wp\/v2\/pages\/648\/revisions\/2341"}],"wp:attachment":[{"href":"https:\/\/gillespetitgats.fr\/index.php\/wp-json\/wp\/v2\/media?parent=648"}],"curies":[{"name":"wp","href":"https:\/\/api.w.org\/{rel}","templated":true}]}}