{"id":450,"date":"2023-06-14T14:05:00","date_gmt":"2023-06-14T12:05:00","guid":{"rendered":"https:\/\/gillespetitgats.fr\/?page_id=450"},"modified":"2023-06-16T10:49:19","modified_gmt":"2023-06-16T08:49:19","slug":"cgv","status":"publish","type":"page","link":"https:\/\/gillespetitgats.fr\/index.php\/cgv\/","title":{"rendered":"cgv"},"content":{"rendered":"<p>[et_pb_section fb_built=\u00a0\u00bb1&Prime; admin_label=\u00a0\u00bbProjects Section\u00a0\u00bb _builder_version=\u00a0\u00bb4.16&Prime; background_color=\u00a0\u00bbrgba(123,168,159,0.18)\u00a0\u00bb custom_margin=\u00a0\u00bb|||\u00a0\u00bb custom_padding=\u00a0\u00bb60px||60px||true|false\u00a0\u00bb global_colors_info=\u00a0\u00bb{}\u00a0\u00bb][et_pb_row _builder_version=\u00a0\u00bb4.16&Prime; _module_preset=\u00a0\u00bbdefault\u00a0\u00bb global_colors_info=\u00a0\u00bb{}\u00a0\u00bb custom_padding=\u00a0\u00bb||8px|||\u00a0\u00bb][et_pb_column type=\u00a0\u00bb4_4&Prime; _builder_version=\u00a0\u00bb4.16&Prime; _module_preset=\u00a0\u00bbdefault\u00a0\u00bb global_colors_info=\u00a0\u00bb{}\u00a0\u00bb][et_pb_text _builder_version=\u00a0\u00bb4.21.0&Prime; _module_preset=\u00a0\u00bbdefault\u00a0\u00bb text_font=\u00a0\u00bbFrank Ruhl Libre||||||||\u00a0\u00bb text_line_height=\u00a0\u00bb1.4em\u00a0\u00bb header_font=\u00a0\u00bb|300||on|||||\u00a0\u00bb header_text_color=\u00a0\u00bb#7ba89f\u00a0\u00bb header_font_size=\u00a0\u00bb40px\u00a0\u00bb header_line_height=\u00a0\u00bb1.3em\u00a0\u00bb custom_margin=\u00a0\u00bb||34px|||\u00a0\u00bb global_colors_info=\u00a0\u00bb{}\u00a0\u00bb]<\/p>\n<h1 style=\"text-align: center;\">Conditions G\u00e9n\u00e9rales de vente<\/h1>\n<p>[\/et_pb_text][\/et_pb_column][\/et_pb_row][et_pb_row _builder_version=\u00a0\u00bb4.21.0&Prime; _module_preset=\u00a0\u00bbdefault\u00a0\u00bb width=\u00a0\u00bb40%\u00a0\u00bb width_last_edited=\u00a0\u00bbon|phone\u00a0\u00bb hover_enabled=\u00a0\u00bb0&Prime; sticky_enabled=\u00a0\u00bb0&Prime; width_phone=\u00a0\u00bb80%\u00a0\u00bb width_tablet=\u00a0\u00bb40%\u00a0\u00bb][et_pb_column _builder_version=\u00a0\u00bb4.21.0&Prime; _module_preset=\u00a0\u00bbdefault\u00a0\u00bb type=\u00a0\u00bb4_4&Prime;][et_pb_text _builder_version=\u00a0\u00bb4.21.0&Prime; _module_preset=\u00a0\u00bbdefault\u00a0\u00bb hover_enabled=\u00a0\u00bb0&Prime; sticky_enabled=\u00a0\u00bb0&Prime;]<\/p>\n<div><span class=\"wixui-rich-text__text\">Les Conditions G\u00e9n\u00e9rales de Vente sont conclues entre\u00a0 Gilles Petit-Gats, auteur-photographe\u00a0 (ci-apr\u00e8s d\u00e9sign\u00e9 le \u00ab Vendeur \u00bb) d\u2019une part, et toute personne physique\u00a0 (ci-apr\u00e8s d\u00e9sign\u00e9e le \u00ab Client \u00bb) d\u00e9sirant acqu\u00e9rir les produits propos\u00e9s \u00e0 la vente par le Vendeur sur le site internet <a href=\"http:\/\/www.minederien.net\/\" target=\"_blank\" rel=\"noreferrer noopener\" class=\"wixui-rich-text__text\">www.gillespetitsgats.fr<\/a><\/span><\/div>\n<p class=\"font_8 wixui-rich-text__text\"><span class=\"wixui-rich-text__text\">\u200b<\/span><\/p>\n<div><span class=\"wixui-rich-text__text\">Les produits offerts \u00e0 la vente par le Vendeur (ci-apr\u00e8s d\u00e9sign\u00e9s les \u00ab Produits \u00bb) sont pr\u00e9sent\u00e9s sur le site et font chacun l\u2019objet d\u2019un descriptif mentionnant leurs caract\u00e9ristiques essentielles au sens de l\u2019article L. 111-1 du Code de la consommation.<\/span><\/div>\n<div><span class=\"wixui-rich-text__text\">Ils sont vendus et livr\u00e9s dans la limite des stocks disponibles.<\/span><\/div>\n<div><span class=\"wixui-rich-text__text\">Les photographies illustrant les Produits sont fournies \u00e0 titre indicatif et ne constituent pas un document contractuel.<\/span><\/div>\n<div><span class=\"wixui-rich-text__text\">\u200b<\/span><\/div>\n<div><span class=\"wixui-rich-text__text\">Le Client a la possibilit\u00e9 de passer sa commande en ligne, \u00e0 partir du catalogue en ligne pour tout Produit, dans la limite toutefois des stocks disponibles.<\/span><\/div>\n<div><span class=\"wixui-rich-text__text\">\u00c0 chaque validation d\u00e9finitive de commande, le Vendeur adresse au Client une confirmation de l&rsquo;acceptation de la commande par courrier \u00e9lectronique. La vente sera consid\u00e9r\u00e9e comme d\u00e9finitive apr\u00e8s paiement de l\u2019int\u00e9gralit\u00e9 du Prix par le Client.<\/span><\/div>\n<p class=\"font_8 wixui-rich-text__text\"><span class=\"wixui-rich-text__text\">\u200b<\/span><\/p>\n<div><span class=\"wixui-rich-text__text\">Toute commande vaut acceptation du prix, des pr\u00e9sentes Conditions G\u00e9n\u00e9rales de Vente et de la description du Produit.<\/span><\/div>\n<p class=\"font_8 wixui-rich-text__text\"><span class=\"wixui-rich-text__text\">\u200b<\/span><\/p>\n<div><span class=\"wixui-rich-text__text\">Conform\u00e9ment aux dispositions du Code de la consommation, le Client dispose d&rsquo;un d\u00e9lai de 14 jours ouvrables \u00e0 compter de la date de livraison de sa commande, pour retourner tout article ne lui convenant pas et demander \u00a0le remboursement sans p\u00e9nalit\u00e9, \u00e0 l&rsquo;exception des frais de retour qui restent \u00e0 la charge du Client.<\/span><\/div>\n<div><span class=\"wixui-rich-text__text\">Les retours sont \u00e0 effectuer dans leur \u00e9tat d&rsquo;origine et complets.<\/span><\/div>\n<div><span class=\"wixui-rich-text__text\">Les produits endommag\u00e9s ou salis du fait du Client ou incomplets ne sont pas repris.<\/span><\/div>\n<div><span class=\"wixui-rich-text__text\">En cas d&rsquo;exercice du droit de r\u00e9tractation dans le d\u00e9lai susvis\u00e9, sont rembours\u00e9s le prix du ou des produit(s) achet\u00e9(s) et les frais de livraison sont \u00e9galement rembours\u00e9s.<\/span><\/div>\n<p class=\"font_8 wixui-rich-text__text\"><span class=\"wixui-rich-text__text\">\u200b<\/span><\/p>\n<div><span class=\"wixui-rich-text__text\">Le contenu du site internet du Vendeur (dessins, photographies, textes etc.) restent la propri\u00e9t\u00e9 du Vendeur, seul titulaire des droits de propri\u00e9t\u00e9 intellectuelle sur ce contenu.<\/span><\/div>\n<div><span class=\"wixui-rich-text__text\">Le Client s&rsquo;engage \u00e0 ne faire aucun usage illicite de ce contenu ; toute reproduction totale ou partielle de ce contenu est strictement interdite et est susceptible de constituer un d\u00e9lit de contrefa\u00e7on et de faire l\u2019objet de poursuites judiciaires.<\/span><\/div>\n<p>[\/et_pb_text][\/et_pb_column][\/et_pb_row][\/et_pb_section]<\/p>\n","protected":false},"excerpt":{"rendered":"<p>Conditions G\u00e9n\u00e9rales de venteLes Conditions G\u00e9n\u00e9rales de Vente sont conclues entre\u00a0 Gilles Petit-Gats, auteur-photographe\u00a0 (ci-apr\u00e8s d\u00e9sign\u00e9 le \u00ab Vendeur \u00bb) d\u2019une part, et toute personne physique\u00a0 (ci-apr\u00e8s d\u00e9sign\u00e9e le \u00ab Client \u00bb) d\u00e9sirant acqu\u00e9rir les produits propos\u00e9s \u00e0 la vente par le Vendeur sur le site internet www.gillespetitsgats.fr \u200b Les produits offerts \u00e0 la vente [&hellip;]<\/p>\n","protected":false},"author":1,"featured_media":0,"parent":0,"menu_order":0,"comment_status":"closed","ping_status":"closed","template":"","meta":{"_et_pb_use_builder":"on","_et_pb_old_content":"","_et_gb_content_width":"","om_disable_all_campaigns":false,"_monsterinsights_skip_tracking":false,"_monsterinsights_sitenote_active":false,"_monsterinsights_sitenote_note":"","_monsterinsights_sitenote_category":0,"_uf_show_specific_survey":0,"_uf_disable_surveys":false,"footnotes":""},"class_list":["post-450","page","type-page","status-publish","hentry"],"yoast_head":"<!-- This site is optimized with the Yoast SEO plugin v21.9.1 - https:\/\/yoast.com\/wordpress\/plugins\/seo\/ -->\n<title>cgv - gillespetitgats.fr<\/title>\n<meta name=\"robots\" content=\"index, follow, max-snippet:-1, max-image-preview:large, max-video-preview:-1\" \/>\n<link rel=\"canonical\" href=\"https:\/\/gillespetitgats.fr\/index.php\/cgv\/\" \/>\n<meta property=\"og:locale\" content=\"fr_FR\" \/>\n<meta property=\"og:type\" content=\"article\" \/>\n<meta property=\"og:title\" content=\"cgv - gillespetitgats.fr\" \/>\n<meta property=\"og:description\" content=\"Conditions G\u00e9n\u00e9rales de venteLes Conditions G\u00e9n\u00e9rales de Vente sont conclues entre\u00a0 Gilles Petit-Gats, auteur-photographe\u00a0 (ci-apr\u00e8s d\u00e9sign\u00e9 le \u00ab Vendeur \u00bb) d\u2019une part, et toute personne physique\u00a0 (ci-apr\u00e8s d\u00e9sign\u00e9e le \u00ab Client \u00bb) d\u00e9sirant acqu\u00e9rir les produits propos\u00e9s \u00e0 la vente par le Vendeur sur le site internet www.gillespetitsgats.fr \u200b Les produits offerts \u00e0 la vente [&hellip;]\" \/>\n<meta property=\"og:url\" content=\"https:\/\/gillespetitgats.fr\/index.php\/cgv\/\" \/>\n<meta property=\"og:site_name\" content=\"gillespetitgats.fr\" \/>\n<meta property=\"article:modified_time\" content=\"2023-06-16T08:49:19+00:00\" \/>\n<meta property=\"og:image\" content=\"https:\/\/gillespetitgats.fr\/wp-content\/uploads\/2025\/12\/gilles-petit-gats-la-recherche-du-sens-saint-malo-bretagne-france-@gilles_petitgats_photographie-www.gillespetitgats.fr_.jpg\" \/>\n\t<meta property=\"og:image:width\" content=\"1000\" \/>\n\t<meta property=\"og:image:height\" content=\"1000\" \/>\n\t<meta property=\"og:image:type\" content=\"image\/jpeg\" \/>\n<meta name=\"twitter:card\" content=\"summary_large_image\" \/>\n<meta name=\"twitter:label1\" content=\"Dur\u00e9e de lecture estim\u00e9e\" \/>\n\t<meta name=\"twitter:data1\" content=\"3 minutes\" \/>\n<script type=\"application\/ld+json\" class=\"yoast-schema-graph\">{\"@context\":\"https:\/\/schema.org\",\"@graph\":[{\"@type\":\"WebPage\",\"@id\":\"https:\/\/gillespetitgats.fr\/index.php\/cgv\/\",\"url\":\"https:\/\/gillespetitgats.fr\/index.php\/cgv\/\",\"name\":\"cgv - gillespetitgats.fr\",\"isPartOf\":{\"@id\":\"https:\/\/gillespetitgats.fr\/#website\"},\"datePublished\":\"2023-06-14T12:05:00+00:00\",\"dateModified\":\"2023-06-16T08:49:19+00:00\",\"breadcrumb\":{\"@id\":\"https:\/\/gillespetitgats.fr\/index.php\/cgv\/#breadcrumb\"},\"inLanguage\":\"fr-FR\",\"potentialAction\":[{\"@type\":\"ReadAction\",\"target\":[\"https:\/\/gillespetitgats.fr\/index.php\/cgv\/\"]}]},{\"@type\":\"BreadcrumbList\",\"@id\":\"https:\/\/gillespetitgats.fr\/index.php\/cgv\/#breadcrumb\",\"itemListElement\":[{\"@type\":\"ListItem\",\"position\":1,\"name\":\"Accueil\",\"item\":\"https:\/\/gillespetitgats.fr\/\"},{\"@type\":\"ListItem\",\"position\":2,\"name\":\"cgv\"}]},{\"@type\":\"WebSite\",\"@id\":\"https:\/\/gillespetitgats.fr\/#website\",\"url\":\"https:\/\/gillespetitgats.fr\/\",\"name\":\"gillespetitgats.fr\",\"description\":\"Auteur- artiste-photographe\",\"publisher\":{\"@id\":\"https:\/\/gillespetitgats.fr\/#\/schema\/person\/0c1662b608ef5808d4e9ee78910ee5a9\"},\"potentialAction\":[{\"@type\":\"SearchAction\",\"target\":{\"@type\":\"EntryPoint\",\"urlTemplate\":\"https:\/\/gillespetitgats.fr\/?s={search_term_string}\"},\"query-input\":\"required name=search_term_string\"}],\"inLanguage\":\"fr-FR\"},{\"@type\":[\"Person\",\"Organization\"],\"@id\":\"https:\/\/gillespetitgats.fr\/#\/schema\/person\/0c1662b608ef5808d4e9ee78910ee5a9\",\"name\":\"g.petitgats@gmail.com\",\"image\":{\"@type\":\"ImageObject\",\"inLanguage\":\"fr-FR\",\"@id\":\"https:\/\/gillespetitgats.fr\/#\/schema\/person\/image\/\",\"url\":\"https:\/\/secure.gravatar.com\/avatar\/764034e429ae1c266fdceb60dbdc9da0aea8e80c23e29afefc51dc8236875213?s=96&d=mm&r=g\",\"contentUrl\":\"https:\/\/secure.gravatar.com\/avatar\/764034e429ae1c266fdceb60dbdc9da0aea8e80c23e29afefc51dc8236875213?s=96&d=mm&r=g\",\"caption\":\"g.petitgats@gmail.com\"},\"logo\":{\"@id\":\"https:\/\/gillespetitgats.fr\/#\/schema\/person\/image\/\"},\"sameAs\":[\"http:\/\/gillespetitgats.fr\"]}]}<\/script>\n<!-- \/ Yoast SEO plugin. -->","yoast_head_json":{"title":"cgv - gillespetitgats.fr","robots":{"index":"index","follow":"follow","max-snippet":"max-snippet:-1","max-image-preview":"max-image-preview:large","max-video-preview":"max-video-preview:-1"},"canonical":"https:\/\/gillespetitgats.fr\/index.php\/cgv\/","og_locale":"fr_FR","og_type":"article","og_title":"cgv - gillespetitgats.fr","og_description":"Conditions G\u00e9n\u00e9rales de venteLes Conditions G\u00e9n\u00e9rales de Vente sont conclues entre\u00a0 Gilles Petit-Gats, auteur-photographe\u00a0 (ci-apr\u00e8s d\u00e9sign\u00e9 le \u00ab Vendeur \u00bb) d\u2019une part, et toute personne physique\u00a0 (ci-apr\u00e8s d\u00e9sign\u00e9e le \u00ab Client \u00bb) d\u00e9sirant acqu\u00e9rir les produits propos\u00e9s \u00e0 la vente par le Vendeur sur le site internet www.gillespetitsgats.fr \u200b Les produits offerts \u00e0 la vente [&hellip;]","og_url":"https:\/\/gillespetitgats.fr\/index.php\/cgv\/","og_site_name":"gillespetitgats.fr","article_modified_time":"2023-06-16T08:49:19+00:00","og_image":[{"width":1000,"height":1000,"url":"https:\/\/gillespetitgats.fr\/wp-content\/uploads\/2025\/12\/gilles-petit-gats-la-recherche-du-sens-saint-malo-bretagne-france-@gilles_petitgats_photographie-www.gillespetitgats.fr_.jpg","type":"image\/jpeg"}],"twitter_card":"summary_large_image","twitter_misc":{"Dur\u00e9e de lecture estim\u00e9e":"3 minutes"},"schema":{"@context":"https:\/\/schema.org","@graph":[{"@type":"WebPage","@id":"https:\/\/gillespetitgats.fr\/index.php\/cgv\/","url":"https:\/\/gillespetitgats.fr\/index.php\/cgv\/","name":"cgv - gillespetitgats.fr","isPartOf":{"@id":"https:\/\/gillespetitgats.fr\/#website"},"datePublished":"2023-06-14T12:05:00+00:00","dateModified":"2023-06-16T08:49:19+00:00","breadcrumb":{"@id":"https:\/\/gillespetitgats.fr\/index.php\/cgv\/#breadcrumb"},"inLanguage":"fr-FR","potentialAction":[{"@type":"ReadAction","target":["https:\/\/gillespetitgats.fr\/index.php\/cgv\/"]}]},{"@type":"BreadcrumbList","@id":"https:\/\/gillespetitgats.fr\/index.php\/cgv\/#breadcrumb","itemListElement":[{"@type":"ListItem","position":1,"name":"Accueil","item":"https:\/\/gillespetitgats.fr\/"},{"@type":"ListItem","position":2,"name":"cgv"}]},{"@type":"WebSite","@id":"https:\/\/gillespetitgats.fr\/#website","url":"https:\/\/gillespetitgats.fr\/","name":"gillespetitgats.fr","description":"Auteur- artiste-photographe","publisher":{"@id":"https:\/\/gillespetitgats.fr\/#\/schema\/person\/0c1662b608ef5808d4e9ee78910ee5a9"},"potentialAction":[{"@type":"SearchAction","target":{"@type":"EntryPoint","urlTemplate":"https:\/\/gillespetitgats.fr\/?s={search_term_string}"},"query-input":"required name=search_term_string"}],"inLanguage":"fr-FR"},{"@type":["Person","Organization"],"@id":"https:\/\/gillespetitgats.fr\/#\/schema\/person\/0c1662b608ef5808d4e9ee78910ee5a9","name":"g.petitgats@gmail.com","image":{"@type":"ImageObject","inLanguage":"fr-FR","@id":"https:\/\/gillespetitgats.fr\/#\/schema\/person\/image\/","url":"https:\/\/secure.gravatar.com\/avatar\/764034e429ae1c266fdceb60dbdc9da0aea8e80c23e29afefc51dc8236875213?s=96&d=mm&r=g","contentUrl":"https:\/\/secure.gravatar.com\/avatar\/764034e429ae1c266fdceb60dbdc9da0aea8e80c23e29afefc51dc8236875213?s=96&d=mm&r=g","caption":"g.petitgats@gmail.com"},"logo":{"@id":"https:\/\/gillespetitgats.fr\/#\/schema\/person\/image\/"},"sameAs":["http:\/\/gillespetitgats.fr"]}]}},"_links":{"self":[{"href":"https:\/\/gillespetitgats.fr\/index.php\/wp-json\/wp\/v2\/pages\/450","targetHints":{"allow":["GET"]}}],"collection":[{"href":"https:\/\/gillespetitgats.fr\/index.php\/wp-json\/wp\/v2\/pages"}],"about":[{"href":"https:\/\/gillespetitgats.fr\/index.php\/wp-json\/wp\/v2\/types\/page"}],"author":[{"embeddable":true,"href":"https:\/\/gillespetitgats.fr\/index.php\/wp-json\/wp\/v2\/users\/1"}],"replies":[{"embeddable":true,"href":"https:\/\/gillespetitgats.fr\/index.php\/wp-json\/wp\/v2\/comments?post=450"}],"version-history":[{"count":3,"href":"https:\/\/gillespetitgats.fr\/index.php\/wp-json\/wp\/v2\/pages\/450\/revisions"}],"predecessor-version":[{"id":504,"href":"https:\/\/gillespetitgats.fr\/index.php\/wp-json\/wp\/v2\/pages\/450\/revisions\/504"}],"wp:attachment":[{"href":"https:\/\/gillespetitgats.fr\/index.php\/wp-json\/wp\/v2\/media?parent=450"}],"curies":[{"name":"wp","href":"https:\/\/api.w.org\/{rel}","templated":true}]}}