{"id":282,"date":"2023-06-09T15:23:46","date_gmt":"2023-06-09T13:23:46","guid":{"rendered":"https:\/\/gillespetitgats.fr\/?page_id=282"},"modified":"2025-12-23T21:57:53","modified_gmt":"2025-12-23T20:57:53","slug":"photographe-auteur-a-propos","status":"publish","type":"page","link":"https:\/\/gillespetitgats.fr\/index.php\/photographe-auteur-a-propos\/","title":{"rendered":"\u00c0 propos"},"content":{"rendered":"\n[et_pb_section fb_built=\u00a0\u00bb1&Prime; admin_label=\u00a0\u00bbAbout Us Section\u00a0\u00bb _builder_version=\u00a0\u00bb4.16&Prime; background_image=\u00a0\u00bbhttps:\/\/gillespetitgats.fr\/wp-content\/uploads\/2023\/06\/entre-deux.jpg\u00a0\u00bb parallax=\u00a0\u00bbon\u00a0\u00bb custom_margin=\u00a0\u00bb|5%||5%\u00a0\u00bb custom_margin_tablet=\u00a0\u00bb\u00a0\u00bb custom_margin_phone=\u00a0\u00bb|0px||0px\u00a0\u00bb custom_margin_last_edited=\u00a0\u00bbon|phone\u00a0\u00bb custom_padding=\u00a0\u00bb9.9%|||||\u00a0\u00bb animation_style=\u00a0\u00bbzoom\u00a0\u00bb animation_direction=\u00a0\u00bbtop\u00a0\u00bb animation_intensity_zoom=\u00a0\u00bb5%\u00a0\u00bb box_shadow_style=\u00a0\u00bbpreset7&Prime; box_shadow_horizontal=\u00a0\u00bb0px\u00a0\u00bb box_shadow_vertical=\u00a0\u00bb-200px\u00a0\u00bb box_shadow_color=\u00a0\u00bb#ffffff\u00a0\u00bb global_colors_info=\u00a0\u00bb{}\u00a0\u00bb][et_pb_row column_structure=\u00a0\u00bb2_3,1_3&Prime; admin_label=\u00a0\u00bbAbout Us Area\u00a0\u00bb _builder_version=\u00a0\u00bb4.16&Prime; background_enable_image=\u00a0\u00bboff\u00a0\u00bb background_size=\u00a0\u00bbinitial\u00a0\u00bb background_position=\u00a0\u00bbtop_left\u00a0\u00bb background_repeat=\u00a0\u00bbrepeat\u00a0\u00bb custom_padding=\u00a0\u00bb27px|0px|0px|0px\u00a0\u00bb global_colors_info=\u00a0\u00bb{}\u00a0\u00bb][et_pb_column type=\u00a0\u00bb2_3&Prime; _builder_version=\u00a0\u00bb4.16&Prime; custom_padding=\u00a0\u00bb|||\u00a0\u00bb global_colors_info=\u00a0\u00bb{}\u00a0\u00bb custom_padding__hover=\u00a0\u00bb|||\u00a0\u00bb][et_pb_text admin_label=\u00a0\u00bbTitle\u00a0\u00bb _builder_version=\u00a0\u00bb4.21.0&Prime; text_font=\u00a0\u00bb||||||||\u00a0\u00bb text_text_color=\u00a0\u00bb#3e5149&Prime; text_line_height=\u00a0\u00bb1.4em\u00a0\u00bb header_font=\u00a0\u00bbRoboto Condensed|300||on|||||\u00a0\u00bb header_text_align=\u00a0\u00bbleft\u00a0\u00bb header_text_color=\u00a0\u00bb#7ba89f\u00a0\u00bb header_font_size=\u00a0\u00bb36px\u00a0\u00bb header_line_height=\u00a0\u00bb1.4em\u00a0\u00bb header_2_font=\u00a0\u00bbMontserrat|700||on|||||\u00a0\u00bb header_2_font_size=\u00a0\u00bb42px\u00a0\u00bb header_2_line_height=\u00a0\u00bb1.3em\u00a0\u00bb background_color=\u00a0\u00bb#f7f7f7&Prime; background_size=\u00a0\u00bbinitial\u00a0\u00bb background_position=\u00a0\u00bbtop_left\u00a0\u00bb background_repeat=\u00a0\u00bbrepeat\u00a0\u00bb max_width=\u00a0\u00bb700px\u00a0\u00bb module_alignment=\u00a0\u00bbleft\u00a0\u00bb custom_margin=\u00a0\u00bb|||\u00a0\u00bb custom_padding=\u00a0\u00bb10%|10%|10%|10%\u00a0\u00bb animation_style=\u00a0\u00bbslide\u00a0\u00bb animation_direction=\u00a0\u00bbbottom\u00a0\u00bb animation_intensity_slide=\u00a0\u00bb4%\u00a0\u00bb animation_starting_opacity=\u00a0\u00bb100%\u00a0\u00bb header_font_size_tablet=\u00a0\u00bb36px\u00a0\u00bb header_font_size_phone=\u00a0\u00bb32px\u00a0\u00bb header_font_size_last_edited=\u00a0\u00bbon|phone\u00a0\u00bb box_shadow_style=\u00a0\u00bbpreset1&Prime; box_shadow_vertical=\u00a0\u00bb15px\u00a0\u00bb box_shadow_blur=\u00a0\u00bb45px\u00a0\u00bb box_shadow_color=\u00a0\u00bbrgba(0,0,0,0.15)\u00a0\u00bb locked=\u00a0\u00bboff\u00a0\u00bb global_colors_info=\u00a0\u00bb{}\u00a0\u00bb]<h1 class=\"title preserve-whitespace e2e-site-logo-text\"><img loading=\"lazy\" decoding=\"async\" src=\"https:\/\/gillespetitgats.fr\/wp-content\/uploads\/2023\/06\/GPG-300x300.jpg\" width=\"300\" height=\"300\" alt=\"\" class=\"wp-image-492 alignnone size-medium\" \/><\/h1>\n<h1 class=\"title preserve-whitespace e2e-site-logo-text\">\u00c0 propos<\/h1>\n<div class=\"texteditor-inline-lineheight\"><span><span class=\"texteditor-inline-color\"><\/span><\/span><\/div>\n<div class=\"texteditor-inline-lineheight\">\n<div class=\"texteditor-inline-lineheight\">\n<p>GPG d\u00e9bute la photo \u00e0 l&rsquo;\u00e2ge de 20 ans avec un r\u00e9flex argentique offert par son p\u00e8re. Il apprend \u00e0 d\u00e9velopper en chambre noire dans un club-photo, \u00e0 appr\u00e9hender les subtilit\u00e9s du cadrage et les nuances des lumi\u00e8res &#8230; Puis la chanson, la musique, l\u2019\u00e9criture, ont pris davantage de place, ainsi que les m\u00e9tiers du social.<\/p>\n<p>Aujourd&rsquo;hui, revenu \u00e0 la photographie d&rsquo;auteur et vivant en Bretagne, il adopte pleinement les techniques du num\u00e9rique afin d&rsquo;entreprendre des s\u00e9ries \u00e0 th\u00e8me.<\/p>\n<p>Sa d\u00e9marche tente \u00e0 travers une po\u00e9sie de l\u2019intimit\u00e9, d\u2019essayer de voir et <em>de montrer ce qui ne se voit plus : nos propres sc\u00e8nes et d\u00e9cors quotidiens.<\/em><\/p>\n<p>Ses expositions \u00e9voluent vers une recherche plus conceptuelle \u00e0 partir de th\u00e9matiques li\u00e9es \u00e0 une r\u00e9flexion d\u2019aujourd\u2019hui sur nos positionnements intimes face aux enjeux soci\u00e9taux.<\/p>\n<p>Son dernier livre photographique a \u00e9t\u00e9 le produit d&rsquo;une rencontre entre la r\u00e9gion Bretagne et le po\u00e8te Andr\u00e9 Prodhomme.<\/p>\n<p><em>\u00a0Auteur d\u2019un essai \u00e0 para\u00eetre aux \u00c9ditions Libre et Solidaire \u00ab Ce qui nous emp\u00eache \u00bbou la vie subie\u00a0\u00bb<\/em><\/p>\n<\/div>\n<\/div>[\/et_pb_text][et_pb_text admin_label=\u00a0\u00bbTitle\u00a0\u00bb _builder_version=\u00a0\u00bb4.21.0&Prime; text_font=\u00a0\u00bb||||||||\u00a0\u00bb text_text_color=\u00a0\u00bb#3e5149&Prime; text_line_height=\u00a0\u00bb1.4em\u00a0\u00bb header_font=\u00a0\u00bbRoboto Condensed|300||on|||||\u00a0\u00bb header_text_align=\u00a0\u00bbleft\u00a0\u00bb header_text_color=\u00a0\u00bb#7ba89f\u00a0\u00bb header_font_size=\u00a0\u00bb36px\u00a0\u00bb header_line_height=\u00a0\u00bb1.4em\u00a0\u00bb header_2_font=\u00a0\u00bbMontserrat|700||on|||||\u00a0\u00bb header_2_font_size=\u00a0\u00bb42px\u00a0\u00bb header_2_line_height=\u00a0\u00bb1.3em\u00a0\u00bb background_color=\u00a0\u00bb#f7f7f7&Prime; background_size=\u00a0\u00bbinitial\u00a0\u00bb background_position=\u00a0\u00bbtop_left\u00a0\u00bb background_repeat=\u00a0\u00bbrepeat\u00a0\u00bb max_width=\u00a0\u00bb700px\u00a0\u00bb module_alignment=\u00a0\u00bbleft\u00a0\u00bb custom_margin=\u00a0\u00bb|||\u00a0\u00bb custom_padding=\u00a0\u00bb10%|10%|10%|10%\u00a0\u00bb animation_style=\u00a0\u00bbslide\u00a0\u00bb animation_direction=\u00a0\u00bbbottom\u00a0\u00bb animation_intensity_slide=\u00a0\u00bb4%\u00a0\u00bb animation_starting_opacity=\u00a0\u00bb100%\u00a0\u00bb header_font_size_tablet=\u00a0\u00bb36px\u00a0\u00bb header_font_size_phone=\u00a0\u00bb32px\u00a0\u00bb header_font_size_last_edited=\u00a0\u00bbon|phone\u00a0\u00bb box_shadow_style=\u00a0\u00bbpreset1&Prime; box_shadow_vertical=\u00a0\u00bb15px\u00a0\u00bb box_shadow_blur=\u00a0\u00bb45px\u00a0\u00bb box_shadow_color=\u00a0\u00bbrgba(0,0,0,0.15)\u00a0\u00bb locked=\u00a0\u00bboff\u00a0\u00bb global_colors_info=\u00a0\u00bb{}\u00a0\u00bb]<h1 class=\"title preserve-whitespace e2e-site-logo-text\"><\/h1>\n<h1 class=\"title preserve-whitespace e2e-site-logo-text\"><\/h1>\n<div class=\"texteditor-inline-lineheight\"><span><span class=\"texteditor-inline-color\"><\/span><\/span><\/div>\n<div class=\"texteditor-inline-lineheight\">\n<div class=\"texteditor-inline-lineheight\">\n<p>Exposition \u00ab\u00a0monumentale\u00a0\u00bb Saint Briac (35) (70 grands formats) <br \/>Exposition ext\u00e9rieure (20 grands formats) \u00e0 Jugon les lacs<br \/>Galerie M \u00e0 Paris<br \/>Festival professionnel de la photographie amateur \u00e0 Arles<br \/>Exposition ext\u00e9rieure au Jardin Anglais \u00e0 Dinan 2023 (20 photographies 150X100)<br \/>Galerie Fontaine Obscure \u00e0 Aix<br \/>Festival ISO Photo \u00e0 Vend\u00e9mian<br \/>Galerie \u00ab le bonheur est dans l\u2019instant \u00bb Paris<br \/>Galerie Jugon les Arts<br \/>Festival de la photographie de Vincennes<br \/>Galerie Littlebiggalerie, rue Lepic \u00e0 Paris<br \/>Festival Grain de Pixel de Besan\u00e7on.<\/p>\n<p>3 publications dans YOURDAILYPHOTOGRAH ; 2 Publications laur\u00e9ates dans magazines (R\u00e9ponses photo) Livre collectif, 60 nuances de Regards chez Yellow Concept ;<span style=\"background-color: #f7f7f7; font-size: 14px;\">Publication double page au Visual Art Journal<\/span><\/p>\n<p>Mention aux Annual Photography Awards; Mention aux Chromatic Awards; Special Mention du jury Monte-Carlo Contest; ; <span style=\"font-size: 14px;\">Mention aux REFOCUS ADWARDS<\/span><\/p>\n<p>&nbsp;<\/p>\n<\/div>\n<\/div>[\/et_pb_text][et_pb_text admin_label=\u00a0\u00bbTitle\u00a0\u00bb _builder_version=\u00a0\u00bb4.21.0&Prime; text_font=\u00a0\u00bb||||||||\u00a0\u00bb text_text_color=\u00a0\u00bb#3e5149&Prime; text_line_height=\u00a0\u00bb1.4em\u00a0\u00bb header_font=\u00a0\u00bbRoboto Condensed|300||on|||||\u00a0\u00bb header_text_align=\u00a0\u00bbleft\u00a0\u00bb header_text_color=\u00a0\u00bb#7ba89f\u00a0\u00bb header_font_size=\u00a0\u00bb36px\u00a0\u00bb header_line_height=\u00a0\u00bb1.4em\u00a0\u00bb header_2_font=\u00a0\u00bbMontserrat|700||on|||||\u00a0\u00bb header_2_font_size=\u00a0\u00bb42px\u00a0\u00bb header_2_line_height=\u00a0\u00bb1.3em\u00a0\u00bb background_color=\u00a0\u00bb#f7f7f7&Prime; background_size=\u00a0\u00bbinitial\u00a0\u00bb background_position=\u00a0\u00bbtop_left\u00a0\u00bb background_repeat=\u00a0\u00bbrepeat\u00a0\u00bb max_width=\u00a0\u00bb700px\u00a0\u00bb module_alignment=\u00a0\u00bbleft\u00a0\u00bb custom_margin=\u00a0\u00bb|||\u00a0\u00bb custom_padding=\u00a0\u00bb10%|10%|10%|10%\u00a0\u00bb animation_style=\u00a0\u00bbslide\u00a0\u00bb animation_direction=\u00a0\u00bbbottom\u00a0\u00bb animation_intensity_slide=\u00a0\u00bb4%\u00a0\u00bb animation_starting_opacity=\u00a0\u00bb100%\u00a0\u00bb header_font_size_tablet=\u00a0\u00bb36px\u00a0\u00bb header_font_size_phone=\u00a0\u00bb32px\u00a0\u00bb header_font_size_last_edited=\u00a0\u00bbon|phone\u00a0\u00bb box_shadow_style=\u00a0\u00bbpreset1&Prime; box_shadow_vertical=\u00a0\u00bb15px\u00a0\u00bb box_shadow_blur=\u00a0\u00bb45px\u00a0\u00bb box_shadow_color=\u00a0\u00bbrgba(0,0,0,0.15)\u00a0\u00bb locked=\u00a0\u00bboff\u00a0\u00bb global_colors_info=\u00a0\u00bb{}\u00a0\u00bb]<h1 class=\"title preserve-whitespace e2e-site-logo-text\"><\/h1>\n<h1 class=\"title preserve-whitespace e2e-site-logo-text\"><\/h1>\n<div class=\"texteditor-inline-lineheight\"><span><span class=\"texteditor-inline-color\"><\/span><\/span><\/div>\n<div class=\"texteditor-inline-lineheight\">\n<div class=\"texteditor-inline-lineheight\">\n<p>&nbsp;<\/p>\n<\/div>\n<\/div>[\/et_pb_text][\/et_pb_column][et_pb_column type=\u00a0\u00bb1_3&Prime; _builder_version=\u00a0\u00bb4.16&Prime; background_enable_image=\u00a0\u00bboff\u00a0\u00bb custom_padding=\u00a0\u00bb|||\u00a0\u00bb global_colors_info=\u00a0\u00bb{}\u00a0\u00bb custom_padding__hover=\u00a0\u00bb|||\u00a0\u00bb][\/et_pb_column][\/et_pb_row][\/et_pb_section]\n","protected":false},"excerpt":{"rendered":"<p>\u00c0 propos GPG d\u00e9bute la photo \u00e0 l&rsquo;\u00e2ge de 20 ans avec un r\u00e9flex argentique offert par son p\u00e8re. Il apprend \u00e0 d\u00e9velopper en chambre noire dans un club-photo, \u00e0 appr\u00e9hender les subtilit\u00e9s du cadrage et les nuances des lumi\u00e8res &#8230; Puis la chanson, la musique, l\u2019\u00e9criture, ont pris davantage de place, ainsi que les [&hellip;]<\/p>\n","protected":false},"author":1,"featured_media":0,"parent":0,"menu_order":0,"comment_status":"closed","ping_status":"closed","template":"","meta":{"_et_pb_use_builder":"on","_et_pb_old_content":"","_et_gb_content_width":"","om_disable_all_campaigns":false,"_monsterinsights_skip_tracking":false,"_monsterinsights_sitenote_active":false,"_monsterinsights_sitenote_note":"","_monsterinsights_sitenote_category":0,"_uf_show_specific_survey":0,"_uf_disable_surveys":false,"footnotes":""},"class_list":["post-282","page","type-page","status-publish","hentry"],"yoast_head":"<!-- This site is optimized with the Yoast SEO plugin v21.9.1 - https:\/\/yoast.com\/wordpress\/plugins\/seo\/ -->\n<title>\u00c0 propos - gillespetitgats.fr<\/title>\n<meta name=\"description\" content=\"Gilles Petit\u2011Gats, auteur et photographe, explore l\u2019intimit\u00e9, les traces humaines et l\u2019invisible du quotidien. Une d\u00e9marche po\u00e9tique et documentaire qui cherche \u00e0 r\u00e9v\u00e9ler ce qui \u00e9chappe au regard.\" \/>\n<meta name=\"robots\" content=\"index, follow, max-snippet:-1, max-image-preview:large, max-video-preview:-1\" \/>\n<link rel=\"canonical\" href=\"https:\/\/gillespetitgats.fr\/index.php\/photographe-auteur-a-propos\/\" \/>\n<meta property=\"og:locale\" content=\"fr_FR\" \/>\n<meta property=\"og:type\" content=\"article\" \/>\n<meta property=\"og:title\" content=\"\u00c0 propos - gillespetitgats.fr\" \/>\n<meta property=\"og:description\" content=\"Gilles Petit\u2011Gats, auteur et photographe, explore l\u2019intimit\u00e9, les traces humaines et l\u2019invisible du quotidien. Une d\u00e9marche po\u00e9tique et documentaire qui cherche \u00e0 r\u00e9v\u00e9ler ce qui \u00e9chappe au regard.\" \/>\n<meta property=\"og:url\" content=\"https:\/\/gillespetitgats.fr\/index.php\/photographe-auteur-a-propos\/\" \/>\n<meta property=\"og:site_name\" content=\"gillespetitgats.fr\" \/>\n<meta property=\"article:modified_time\" content=\"2025-12-23T20:57:53+00:00\" \/>\n<meta property=\"og:image\" content=\"http:\/\/gillespetitgats.fr\/wp-content\/uploads\/2023\/06\/GPG-300x300.jpg\" \/>\n<meta name=\"twitter:card\" content=\"summary_large_image\" \/>\n<meta name=\"twitter:label1\" content=\"Dur\u00e9e de lecture estim\u00e9e\" \/>\n\t<meta name=\"twitter:data1\" content=\"2 minutes\" \/>\n<script type=\"application\/ld+json\" class=\"yoast-schema-graph\">{\"@context\":\"https:\/\/schema.org\",\"@graph\":[{\"@type\":\"WebPage\",\"@id\":\"https:\/\/gillespetitgats.fr\/index.php\/photographe-auteur-a-propos\/\",\"url\":\"https:\/\/gillespetitgats.fr\/index.php\/photographe-auteur-a-propos\/\",\"name\":\"\u00c0 propos - gillespetitgats.fr\",\"isPartOf\":{\"@id\":\"https:\/\/gillespetitgats.fr\/#website\"},\"datePublished\":\"2023-06-09T13:23:46+00:00\",\"dateModified\":\"2025-12-23T20:57:53+00:00\",\"description\":\"Gilles Petit\u2011Gats, auteur et photographe, explore l\u2019intimit\u00e9, les traces humaines et l\u2019invisible du quotidien. Une d\u00e9marche po\u00e9tique et documentaire qui cherche \u00e0 r\u00e9v\u00e9ler ce qui \u00e9chappe au regard.\",\"breadcrumb\":{\"@id\":\"https:\/\/gillespetitgats.fr\/index.php\/photographe-auteur-a-propos\/#breadcrumb\"},\"inLanguage\":\"fr-FR\",\"potentialAction\":[{\"@type\":\"ReadAction\",\"target\":[\"https:\/\/gillespetitgats.fr\/index.php\/photographe-auteur-a-propos\/\"]}]},{\"@type\":\"BreadcrumbList\",\"@id\":\"https:\/\/gillespetitgats.fr\/index.php\/photographe-auteur-a-propos\/#breadcrumb\",\"itemListElement\":[{\"@type\":\"ListItem\",\"position\":1,\"name\":\"Accueil\",\"item\":\"https:\/\/gillespetitgats.fr\/\"},{\"@type\":\"ListItem\",\"position\":2,\"name\":\"\u00c0 propos\"}]},{\"@type\":\"WebSite\",\"@id\":\"https:\/\/gillespetitgats.fr\/#website\",\"url\":\"https:\/\/gillespetitgats.fr\/\",\"name\":\"gillespetitgats.fr\",\"description\":\"Auteur- artiste-photographe\",\"publisher\":{\"@id\":\"https:\/\/gillespetitgats.fr\/#\/schema\/person\/0c1662b608ef5808d4e9ee78910ee5a9\"},\"potentialAction\":[{\"@type\":\"SearchAction\",\"target\":{\"@type\":\"EntryPoint\",\"urlTemplate\":\"https:\/\/gillespetitgats.fr\/?s={search_term_string}\"},\"query-input\":\"required name=search_term_string\"}],\"inLanguage\":\"fr-FR\"},{\"@type\":[\"Person\",\"Organization\"],\"@id\":\"https:\/\/gillespetitgats.fr\/#\/schema\/person\/0c1662b608ef5808d4e9ee78910ee5a9\",\"name\":\"g.petitgats@gmail.com\",\"image\":{\"@type\":\"ImageObject\",\"inLanguage\":\"fr-FR\",\"@id\":\"https:\/\/gillespetitgats.fr\/#\/schema\/person\/image\/\",\"url\":\"https:\/\/secure.gravatar.com\/avatar\/764034e429ae1c266fdceb60dbdc9da0aea8e80c23e29afefc51dc8236875213?s=96&d=mm&r=g\",\"contentUrl\":\"https:\/\/secure.gravatar.com\/avatar\/764034e429ae1c266fdceb60dbdc9da0aea8e80c23e29afefc51dc8236875213?s=96&d=mm&r=g\",\"caption\":\"g.petitgats@gmail.com\"},\"logo\":{\"@id\":\"https:\/\/gillespetitgats.fr\/#\/schema\/person\/image\/\"},\"sameAs\":[\"http:\/\/gillespetitgats.fr\"]}]}<\/script>\n<!-- \/ Yoast SEO plugin. -->","yoast_head_json":{"title":"\u00c0 propos - gillespetitgats.fr","description":"Gilles Petit\u2011Gats, auteur et photographe, explore l\u2019intimit\u00e9, les traces humaines et l\u2019invisible du quotidien. Une d\u00e9marche po\u00e9tique et documentaire qui cherche \u00e0 r\u00e9v\u00e9ler ce qui \u00e9chappe au regard.","robots":{"index":"index","follow":"follow","max-snippet":"max-snippet:-1","max-image-preview":"max-image-preview:large","max-video-preview":"max-video-preview:-1"},"canonical":"https:\/\/gillespetitgats.fr\/index.php\/photographe-auteur-a-propos\/","og_locale":"fr_FR","og_type":"article","og_title":"\u00c0 propos - gillespetitgats.fr","og_description":"Gilles Petit\u2011Gats, auteur et photographe, explore l\u2019intimit\u00e9, les traces humaines et l\u2019invisible du quotidien. Une d\u00e9marche po\u00e9tique et documentaire qui cherche \u00e0 r\u00e9v\u00e9ler ce qui \u00e9chappe au regard.","og_url":"https:\/\/gillespetitgats.fr\/index.php\/photographe-auteur-a-propos\/","og_site_name":"gillespetitgats.fr","article_modified_time":"2025-12-23T20:57:53+00:00","og_image":[{"url":"http:\/\/gillespetitgats.fr\/wp-content\/uploads\/2023\/06\/GPG-300x300.jpg"}],"twitter_card":"summary_large_image","twitter_misc":{"Dur\u00e9e de lecture estim\u00e9e":"2 minutes"},"schema":{"@context":"https:\/\/schema.org","@graph":[{"@type":"WebPage","@id":"https:\/\/gillespetitgats.fr\/index.php\/photographe-auteur-a-propos\/","url":"https:\/\/gillespetitgats.fr\/index.php\/photographe-auteur-a-propos\/","name":"\u00c0 propos - gillespetitgats.fr","isPartOf":{"@id":"https:\/\/gillespetitgats.fr\/#website"},"datePublished":"2023-06-09T13:23:46+00:00","dateModified":"2025-12-23T20:57:53+00:00","description":"Gilles Petit\u2011Gats, auteur et photographe, explore l\u2019intimit\u00e9, les traces humaines et l\u2019invisible du quotidien. Une d\u00e9marche po\u00e9tique et documentaire qui cherche \u00e0 r\u00e9v\u00e9ler ce qui \u00e9chappe au regard.","breadcrumb":{"@id":"https:\/\/gillespetitgats.fr\/index.php\/photographe-auteur-a-propos\/#breadcrumb"},"inLanguage":"fr-FR","potentialAction":[{"@type":"ReadAction","target":["https:\/\/gillespetitgats.fr\/index.php\/photographe-auteur-a-propos\/"]}]},{"@type":"BreadcrumbList","@id":"https:\/\/gillespetitgats.fr\/index.php\/photographe-auteur-a-propos\/#breadcrumb","itemListElement":[{"@type":"ListItem","position":1,"name":"Accueil","item":"https:\/\/gillespetitgats.fr\/"},{"@type":"ListItem","position":2,"name":"\u00c0 propos"}]},{"@type":"WebSite","@id":"https:\/\/gillespetitgats.fr\/#website","url":"https:\/\/gillespetitgats.fr\/","name":"gillespetitgats.fr","description":"Auteur- artiste-photographe","publisher":{"@id":"https:\/\/gillespetitgats.fr\/#\/schema\/person\/0c1662b608ef5808d4e9ee78910ee5a9"},"potentialAction":[{"@type":"SearchAction","target":{"@type":"EntryPoint","urlTemplate":"https:\/\/gillespetitgats.fr\/?s={search_term_string}"},"query-input":"required name=search_term_string"}],"inLanguage":"fr-FR"},{"@type":["Person","Organization"],"@id":"https:\/\/gillespetitgats.fr\/#\/schema\/person\/0c1662b608ef5808d4e9ee78910ee5a9","name":"g.petitgats@gmail.com","image":{"@type":"ImageObject","inLanguage":"fr-FR","@id":"https:\/\/gillespetitgats.fr\/#\/schema\/person\/image\/","url":"https:\/\/secure.gravatar.com\/avatar\/764034e429ae1c266fdceb60dbdc9da0aea8e80c23e29afefc51dc8236875213?s=96&d=mm&r=g","contentUrl":"https:\/\/secure.gravatar.com\/avatar\/764034e429ae1c266fdceb60dbdc9da0aea8e80c23e29afefc51dc8236875213?s=96&d=mm&r=g","caption":"g.petitgats@gmail.com"},"logo":{"@id":"https:\/\/gillespetitgats.fr\/#\/schema\/person\/image\/"},"sameAs":["http:\/\/gillespetitgats.fr"]}]}},"_links":{"self":[{"href":"https:\/\/gillespetitgats.fr\/index.php\/wp-json\/wp\/v2\/pages\/282","targetHints":{"allow":["GET"]}}],"collection":[{"href":"https:\/\/gillespetitgats.fr\/index.php\/wp-json\/wp\/v2\/pages"}],"about":[{"href":"https:\/\/gillespetitgats.fr\/index.php\/wp-json\/wp\/v2\/types\/page"}],"author":[{"embeddable":true,"href":"https:\/\/gillespetitgats.fr\/index.php\/wp-json\/wp\/v2\/users\/1"}],"replies":[{"embeddable":true,"href":"https:\/\/gillespetitgats.fr\/index.php\/wp-json\/wp\/v2\/comments?post=282"}],"version-history":[{"count":14,"href":"https:\/\/gillespetitgats.fr\/index.php\/wp-json\/wp\/v2\/pages\/282\/revisions"}],"predecessor-version":[{"id":2350,"href":"https:\/\/gillespetitgats.fr\/index.php\/wp-json\/wp\/v2\/pages\/282\/revisions\/2350"}],"wp:attachment":[{"href":"https:\/\/gillespetitgats.fr\/index.php\/wp-json\/wp\/v2\/media?parent=282"}],"curies":[{"name":"wp","href":"https:\/\/api.w.org\/{rel}","templated":true}]}}