{"id":17,"date":"2023-06-03T12:25:51","date_gmt":"2023-06-03T10:25:51","guid":{"rendered":"https:\/\/gillespetitgats.fr\/?page_id=17"},"modified":"2026-01-06T11:42:12","modified_gmt":"2026-01-06T10:42:12","slug":"accueil-gilles-petit-gats-auteur-photographe-et-ecrivain","status":"publish","type":"page","link":"https:\/\/gillespetitgats.fr\/","title":{"rendered":"Accueil"},"content":{"rendered":"\n[et_pb_section fb_built=\u00a0\u00bb1&Prime; admin_label=\u00a0\u00bbHero\u00a0\u00bb _builder_version=\u00a0\u00bb4.22.2&Prime; custom_margin=\u00a0\u00bb0px||0px||true|false\u00a0\u00bb custom_padding=\u00a0\u00bb0px|0px|0px|0px\u00a0\u00bb animation_style=\u00a0\u00bbzoom\u00a0\u00bb animation_intensity_zoom=\u00a0\u00bb4%\u00a0\u00bb global_colors_info=\u00a0\u00bb{}\u00a0\u00bb][et_pb_row column_structure=\u00a0\u00bb1_3,2_3&Prime; use_custom_gutter=\u00a0\u00bbon\u00a0\u00bb gutter_width=\u00a0\u00bb1&Prime; make_equal=\u00a0\u00bbon\u00a0\u00bb module_class=\u00a0\u00bb et_pb_row_fullwidth\u00a0\u00bb _builder_version=\u00a0\u00bb4.22.2&Prime; background_color=\u00a0\u00bb#FFFFFF\u00a0\u00bb background_enable_image=\u00a0\u00bboff\u00a0\u00bb width=\u00a0\u00bb100%\u00a0\u00bb width_tablet=\u00a0\u00bb100%\u00a0\u00bb width_phone=\u00a0\u00bb\u00a0\u00bb width_last_edited=\u00a0\u00bbon|desktop\u00a0\u00bb max_width=\u00a0\u00bb227%\u00a0\u00bb max_width_tablet=\u00a0\u00bb100%\u00a0\u00bb max_width_phone=\u00a0\u00bb\u00a0\u00bb max_width_last_edited=\u00a0\u00bbon|desktop\u00a0\u00bb min_height=\u00a0\u00bb683px\u00a0\u00bb custom_margin=\u00a0\u00bb0px||0px||false|false\u00a0\u00bb custom_padding=\u00a0\u00bb0px||0px|\u00a0\u00bb animation_style=\u00a0\u00bbslide\u00a0\u00bb animation_direction=\u00a0\u00bbtop\u00a0\u00bb animation_intensity_slide=\u00a0\u00bb3%\u00a0\u00bb make_fullwidth=\u00a0\u00bbon\u00a0\u00bb global_colors_info=\u00a0\u00bb{}\u00a0\u00bb][et_pb_column type=\u00a0\u00bb1_3&Prime; module_class=\u00a0\u00bbcentrer-verticalement\u00a0\u00bb _builder_version=\u00a0\u00bb4.16&Prime; background_color=\u00a0\u00bb#e7efee\u00a0\u00bb custom_padding=\u00a0\u00bb10%|8%|10%|8%|true|false\u00a0\u00bb global_colors_info=\u00a0\u00bb{}\u00a0\u00bb custom_padding__hover=\u00a0\u00bb|||\u00a0\u00bb][et_pb_text _builder_version=\u00a0\u00bb4.21.0&Prime; text_font=\u00a0\u00bbRoboto Condensed|300|||||||\u00a0\u00bb text_text_color=\u00a0\u00bb#3e5149&Prime; text_font_size=\u00a0\u00bb23px\u00a0\u00bb text_line_height=\u00a0\u00bb1em\u00a0\u00bb header_font=\u00a0\u00bbRoboto Condensed|300||on|||||\u00a0\u00bb header_text_color=\u00a0\u00bb#3e5149&Prime; header_font_size=\u00a0\u00bb48px\u00a0\u00bb header_line_height=\u00a0\u00bb1.2em\u00a0\u00bb header_2_font=\u00a0\u00bbRoboto Condensed|300|||||||\u00a0\u00bb header_2_text_color=\u00a0\u00bb#3e5149&Prime; header_2_font_size=\u00a0\u00bb21px\u00a0\u00bb header_2_line_height=\u00a0\u00bb1.4em\u00a0\u00bb custom_margin=\u00a0\u00bb||3px||false|false\u00a0\u00bb custom_padding=\u00a0\u00bb||0px||false|false\u00a0\u00bb animation_style=\u00a0\u00bbfade\u00a0\u00bb header_font_size_tablet=\u00a0\u00bb48px\u00a0\u00bb header_font_size_phone=\u00a0\u00bb43px\u00a0\u00bb header_font_size_last_edited=\u00a0\u00bbon|phone\u00a0\u00bb locked=\u00a0\u00bboff\u00a0\u00bb global_colors_info=\u00a0\u00bb{}\u00a0\u00bb]<p>Gilles<em><\/em><\/p>[\/et_pb_text][et_pb_text module_class=\u00a0\u00bbcentrer-verticalement\u00a0\u00bb _builder_version=\u00a0\u00bb4.23.2&Prime; text_font=\u00a0\u00bbRoboto Condensed|300|||||||\u00a0\u00bb text_text_color=\u00a0\u00bb#3e5149&Prime; text_font_size=\u00a0\u00bb15px\u00a0\u00bb text_line_height=\u00a0\u00bb2.4em\u00a0\u00bb header_font=\u00a0\u00bbRoboto Condensed|300||on|||||\u00a0\u00bb header_text_color=\u00a0\u00bb#3e5149&Prime; header_font_size=\u00a0\u00bb38px\u00a0\u00bb header_line_height=\u00a0\u00bb1.5em\u00a0\u00bb header_2_font=\u00a0\u00bbRoboto Condensed|300|||||||\u00a0\u00bb header_2_text_color=\u00a0\u00bb#3e5149&Prime; header_2_font_size=\u00a0\u00bb21px\u00a0\u00bb header_2_line_height=\u00a0\u00bb1.4em\u00a0\u00bb custom_margin=\u00a0\u00bb0px||17px||false|false\u00a0\u00bb custom_padding=\u00a0\u00bb||0px||false|false\u00a0\u00bb animation_style=\u00a0\u00bbfade\u00a0\u00bb header_font_size_tablet=\u00a0\u00bb42px\u00a0\u00bb header_font_size_phone=\u00a0\u00bb40px\u00a0\u00bb header_font_size_last_edited=\u00a0\u00bbon|phone\u00a0\u00bb locked=\u00a0\u00bboff\u00a0\u00bb global_colors_info=\u00a0\u00bb{}\u00a0\u00bb]<h1>Petit-Gats<em><\/em><\/h1>[\/et_pb_text][et_pb_text _builder_version=\u00a0\u00bb4.24.0&Prime; text_font=\u00a0\u00bb|300|||||||\u00a0\u00bb text_text_color=\u00a0\u00bb#3e5149&Prime; text_font_size=\u00a0\u00bb16px\u00a0\u00bb text_line_height=\u00a0\u00bb1.3em\u00a0\u00bb header_font=\u00a0\u00bbRoboto Condensed|300||on|||||\u00a0\u00bb header_text_color=\u00a0\u00bb#3e5149&Prime; header_font_size=\u00a0\u00bb48px\u00a0\u00bb header_line_height=\u00a0\u00bb1.2em\u00a0\u00bb header_2_font=\u00a0\u00bbRoboto Condensed|300|||||||\u00a0\u00bb header_2_text_color=\u00a0\u00bb#3e5149&Prime; header_2_font_size=\u00a0\u00bb21px\u00a0\u00bb header_2_line_height=\u00a0\u00bb1.4em\u00a0\u00bb custom_margin=\u00a0\u00bb-12px||36px||false|false\u00a0\u00bb custom_padding=\u00a0\u00bb||0px||false|false\u00a0\u00bb animation_style=\u00a0\u00bbfade\u00a0\u00bb header_font_size_tablet=\u00a0\u00bb48px\u00a0\u00bb header_font_size_phone=\u00a0\u00bb43px\u00a0\u00bb header_font_size_last_edited=\u00a0\u00bbon|phone\u00a0\u00bb locked=\u00a0\u00bboff\u00a0\u00bb global_colors_info=\u00a0\u00bb{}\u00a0\u00bb]<p>Auteur et photographe<\/p>[\/et_pb_text][et_pb_text _builder_version=\u00a0\u00bb4.21.0&Prime; text_font=\u00a0\u00bbFrank Ruhl Libre||||||||\u00a0\u00bb text_text_color=\u00a0\u00bb#7ba79e\u00a0\u00bb text_font_size=\u00a0\u00bb15px\u00a0\u00bb text_line_height=\u00a0\u00bb1.3em\u00a0\u00bb header_font=\u00a0\u00bbRoboto Condensed|300||on|||||\u00a0\u00bb header_text_color=\u00a0\u00bb#3e5149&Prime; header_font_size=\u00a0\u00bb48px\u00a0\u00bb header_line_height=\u00a0\u00bb0.5em\u00a0\u00bb header_2_font=\u00a0\u00bbSource Sans Pro|300|||||||\u00a0\u00bb header_2_text_color=\u00a0\u00bb#3e5149&Prime; header_2_font_size=\u00a0\u00bb21px\u00a0\u00bb header_2_line_height=\u00a0\u00bb1.4em\u00a0\u00bb custom_margin=\u00a0\u00bb19px||0px||false|false\u00a0\u00bb custom_padding=\u00a0\u00bb||0px||false|false\u00a0\u00bb animation_style=\u00a0\u00bbfade\u00a0\u00bb text_font_size_tablet=\u00a0\u00bb17px\u00a0\u00bb text_font_size_phone=\u00a0\u00bb15px\u00a0\u00bb text_font_size_last_edited=\u00a0\u00bbon|phone\u00a0\u00bb header_font_size_last_edited=\u00a0\u00bboff|desktop\u00a0\u00bb locked=\u00a0\u00bboff\u00a0\u00bb global_colors_info=\u00a0\u00bb{}\u00a0\u00bb]<p><em>\u00ab\u00a0La photographie est la litt\u00e9rature de l\u2019\u0153il\u00a0\u00bb <br \/><\/em>R\u00e9my Donnadieu<\/p>[\/et_pb_text][\/et_pb_column][et_pb_column type=\u00a0\u00bb2_3&Prime; _builder_version=\u00a0\u00bb4.22.2&Prime; background_image=\u00a0\u00bbhttps:\/\/gillespetitgats.fr\/wp-content\/uploads\/2023\/10\/reflexions.jpg\u00a0\u00bb custom_padding=\u00a0\u00bb|||\u00a0\u00bb global_colors_info=\u00a0\u00bb{}\u00a0\u00bb custom_padding__hover=\u00a0\u00bb|||\u00a0\u00bb][et_pb_divider show_divider=\u00a0\u00bboff\u00a0\u00bb _builder_version=\u00a0\u00bb4.24.0&Prime; _module_preset=\u00a0\u00bbdefault\u00a0\u00bb background_image=\u00a0\u00bbhttps:\/\/gillespetitgats.fr\/wp-content\/uploads\/2025\/12\/gilles-petit-gats-la-recherche-du-sens-saint-malo-bretagne-france-@gilles_petitgats_photographie-www.gillespetitgats.fr_.jpg\u00a0\u00bb width=\u00a0\u00bb100%\u00a0\u00bb min_height=\u00a0\u00bb19.4px\u00a0\u00bb custom_margin=\u00a0\u00bb|26px|-4px|||\u00a0\u00bb custom_padding=\u00a0\u00bb||678px|||\u00a0\u00bb custom_padding_tablet=\u00a0\u00bb||836px|||\u00a0\u00bb custom_padding_phone=\u00a0\u00bb||237px||false|false\u00a0\u00bb custom_padding_last_edited=\u00a0\u00bbon|phone\u00a0\u00bb global_colors_info=\u00a0\u00bb{}\u00a0\u00bb][\/et_pb_divider][\/et_pb_column][\/et_pb_row][et_pb_row _builder_version=\u00a0\u00bb4.24.0&Prime; _module_preset=\u00a0\u00bbdefault\u00a0\u00bb global_colors_info=\u00a0\u00bb{}\u00a0\u00bb][et_pb_column type=\u00a0\u00bb4_4&Prime; _builder_version=\u00a0\u00bb4.24.0&Prime; _module_preset=\u00a0\u00bbdefault\u00a0\u00bb global_colors_info=\u00a0\u00bb{}\u00a0\u00bb][et_pb_text _builder_version=\u00a0\u00bb4.24.0&Prime; _module_preset=\u00a0\u00bbdefault\u00a0\u00bb text_font=\u00a0\u00bbAbel||||||||\u00a0\u00bb text_text_color=\u00a0\u00bb#077c1e\u00a0\u00bb text_font_size=\u00a0\u00bb12px\u00a0\u00bb text_letter_spacing=\u00a0\u00bb1px\u00a0\u00bb custom_margin=\u00a0\u00bb-182px||-49px||false|false\u00a0\u00bb custom_padding=\u00a0\u00bb4px||48px||false|false\u00a0\u00bb inline_fonts=\u00a0\u00bbAkshar\u00a0\u00bb global_colors_info=\u00a0\u00bb{}\u00a0\u00bb]<p><em>La recherche du sens<\/em><\/p>[\/et_pb_text][et_pb_icon font_icon=\u00a0\u00bb&#xe09a;||divi||400&Prime; icon_color=\u00a0\u00bb#992d29&Prime; url=\u00a0\u00bbhttps:\/\/www.instagram.com\/gilles.petitgats_photographie\/\u00a0\u00bb _builder_version=\u00a0\u00bb4.24.0&Prime; _module_preset=\u00a0\u00bbdefault\u00a0\u00bb transform_scale=\u00a0\u00bb28%|28%\u00a0\u00bb global_colors_info=\u00a0\u00bb{}\u00a0\u00bb][\/et_pb_icon][et_pb_icon font_icon=\u00a0\u00bb&#xf09a;||fa||400&Prime; icon_color=\u00a0\u00bb#0C71C3&Prime; url=\u00a0\u00bbhttps:\/\/www.facebook.com\/gilles.petitgats.photographies\/\u00a0\u00bb _builder_version=\u00a0\u00bb4.24.0&Prime; _module_preset=\u00a0\u00bbdefault\u00a0\u00bb transform_scale=\u00a0\u00bb32%|32%\u00a0\u00bb custom_margin=\u00a0\u00bb-70px||-59px||false|false\u00a0\u00bb custom_padding=\u00a0\u00bb16px||0px||false|false\u00a0\u00bb global_colors_info=\u00a0\u00bb{}\u00a0\u00bb][\/et_pb_icon][\/et_pb_column][\/et_pb_row][\/et_pb_section][et_pb_section fb_built=\u00a0\u00bb1&Prime; admin_label=\u00a0\u00bbService Section\u00a0\u00bb _builder_version=\u00a0\u00bb4.24.0&Prime; background_color=\u00a0\u00bb#FFFFFF\u00a0\u00bb min_height=\u00a0\u00bb1000px\u00a0\u00bb height=\u00a0\u00bb1000px\u00a0\u00bb max_height=\u00a0\u00bb1000px\u00a0\u00bb custom_margin=\u00a0\u00bb-63px||0px||false|false\u00a0\u00bb custom_padding=\u00a0\u00bb0px||0px||true|false\u00a0\u00bb global_colors_info=\u00a0\u00bb{}\u00a0\u00bb][et_pb_row _builder_version=\u00a0\u00bb4.24.0&Prime; _module_preset=\u00a0\u00bbdefault\u00a0\u00bb custom_margin=\u00a0\u00bb17px||||false|false\u00a0\u00bb custom_padding=\u00a0\u00bb0px||||false|false\u00a0\u00bb global_colors_info=\u00a0\u00bb{}\u00a0\u00bb][et_pb_column type=\u00a0\u00bb4_4&Prime; _builder_version=\u00a0\u00bb4.24.0&Prime; _module_preset=\u00a0\u00bbdefault\u00a0\u00bb global_colors_info=\u00a0\u00bb{}\u00a0\u00bb][et_pb_text _builder_version=\u00a0\u00bb4.24.0&Prime; _module_preset=\u00a0\u00bbdefault\u00a0\u00bb text_font_size=\u00a0\u00bb17px\u00a0\u00bb custom_margin=\u00a0\u00bb22px||-8px||false|false\u00a0\u00bb global_colors_info=\u00a0\u00bb{}\u00a0\u00bb][\/et_pb_text][et_pb_image src=\u00a0\u00bbhttps:\/\/gillespetitgats.fr\/wp-content\/uploads\/2024\/01\/20240129_030816-scaled.jpg\u00a0\u00bb title_text=\u00a0\u00bb20240129_030816&Prime; align=\u00a0\u00bbcenter\u00a0\u00bb _builder_version=\u00a0\u00bb4.24.0&Prime; _module_preset=\u00a0\u00bbdefault\u00a0\u00bb transform_scale=\u00a0\u00bb92%|92%\u00a0\u00bb custom_margin=\u00a0\u00bb-39px||0px||false|false\u00a0\u00bb custom_padding=\u00a0\u00bb0px||5px||false|false\u00a0\u00bb global_colors_info=\u00a0\u00bb{}\u00a0\u00bb][\/et_pb_image][et_pb_text _builder_version=\u00a0\u00bb4.24.0&Prime; _module_preset=\u00a0\u00bbdefault\u00a0\u00bb text_text_color=\u00a0\u00bb#a36315&Prime; text_font_size=\u00a0\u00bb16px\u00a0\u00bb animation_style=\u00a0\u00bbroll\u00a0\u00bb global_colors_info=\u00a0\u00bb{}\u00a0\u00bb]<p style=\"text-align: center;\">Le livre photo<\/p>[\/et_pb_text][et_pb_image src=\u00a0\u00bbhttps:\/\/gillespetitgats.fr\/wp-content\/uploads\/2025\/12\/couverture-livre.jpg\u00a0\u00bb title_text=\u00a0\u00bbcouverture livre\u00a0\u00bb _builder_version=\u00a0\u00bb4.24.0&Prime; _module_preset=\u00a0\u00bbdefault\u00a0\u00bb animation_style=\u00a0\u00bbslide\u00a0\u00bb global_colors_info=\u00a0\u00bb{}\u00a0\u00bb][\/et_pb_image][et_pb_text _builder_version=\u00a0\u00bb4.24.0&Prime; _module_preset=\u00a0\u00bbdefault\u00a0\u00bb text_font=\u00a0\u00bbAboreto||||||||\u00a0\u00bb text_text_color=\u00a0\u00bb#E02B20&Prime; text_font_size=\u00a0\u00bb19px\u00a0\u00bb text_letter_spacing=\u00a0\u00bb17px\u00a0\u00bb text_line_height=\u00a0\u00bb1.4em\u00a0\u00bb header_font_size=\u00a0\u00bb23px\u00a0\u00bb background_color=\u00a0\u00bbRGBA(255,255,255,0)\u00a0\u00bb transform_scale=\u00a0\u00bb76%|76%\u00a0\u00bb width=\u00a0\u00bb96%\u00a0\u00bb max_width=\u00a0\u00bb100%\u00a0\u00bb module_alignment=\u00a0\u00bbleft\u00a0\u00bb custom_margin=\u00a0\u00bb2px||-44px|-41px|false|false\u00a0\u00bb custom_padding=\u00a0\u00bb5px||0px|76px|false|false\u00a0\u00bb animation_style=\u00a0\u00bbroll\u00a0\u00bb text_text_shadow_style=\u00a0\u00bbpreset3&Prime; text_text_shadow_horizontal_length=\u00a0\u00bb-0.66em\u00a0\u00bb text_text_shadow_vertical_length=\u00a0\u00bb0.39em\u00a0\u00bb global_colors_info=\u00a0\u00bb{}\u00a0\u00bb]<h5 style=\"text-align: left;\"><strong>Essai aux \u00e9ditions Libre et Solidaire\u00a0<\/strong><\/h5>\n<h5 style=\"text-align: left;\"><strong>\u00a0Paris<\/strong><\/h5>[\/et_pb_text][et_pb_image src=\u00a0\u00bbhttps:\/\/gillespetitgats.fr\/wp-content\/uploads\/2024\/01\/couverture-MATRICE.png\u00a0\u00bb title_text=\u00a0\u00bbcouverture MATRICE\u00a0\u00bb show_bottom_space=\u00a0\u00bboff\u00a0\u00bb _builder_version=\u00a0\u00bb4.24.0&Prime; _module_preset=\u00a0\u00bbdefault\u00a0\u00bb transform_scale=\u00a0\u00bb84%|84%\u00a0\u00bb max_height=\u00a0\u00bb1000px\u00a0\u00bb custom_margin=\u00a0\u00bb35px||-28px||false|false\u00a0\u00bb custom_padding=\u00a0\u00bb0px||||false|false\u00a0\u00bb global_colors_info=\u00a0\u00bb{}\u00a0\u00bb][\/et_pb_image][et_pb_text _builder_version=\u00a0\u00bb4.24.0&Prime; _module_preset=\u00a0\u00bbdefault\u00a0\u00bb text_text_color=\u00a0\u00bbrgba(0,87,119,0.83)\u00a0\u00bb text_font_size=\u00a0\u00bb13px\u00a0\u00bb custom_margin=\u00a0\u00bb35px||||false|false\u00a0\u00bb animation_style=\u00a0\u00bbfold\u00a0\u00bb hover_enabled=\u00a0\u00bb0&Prime; global_colors_info=\u00a0\u00bb{}\u00a0\u00bb sticky_enabled=\u00a0\u00bb0&Prime;]<p style=\"text-align: justify;\">Gilles Petit-Gats est auteur-photographe, install\u00e9 en Bretagne. Il cherche \u00e0 d\u00e9couvrir ce qu&rsquo;on ne regarde plus. Ses compositions peuvent r\u00e9v\u00e9ler l&rsquo;\u00e9paisseur r\u00e9jouissante d&rsquo;un vide apparent comme l&rsquo;histoire secr\u00e8te de personnages passant dans son champ.<\/p>\n<p style=\"text-align: justify;\">Il a r\u00e9alis\u00e9 un livre photographique \u00e0 partir d&rsquo;une rencontre avec le po\u00e8te Andr\u00e9 Prodhomme, en utilisant le triptyque comme proposition de r\u00e9cit premier.<\/p>\n<p style=\"text-align: justify;\">Il est aussi auteur d&rsquo;essais dont la m\u00e9thode consiste \u00e0 passer d&rsquo;une forme d&rsquo;introspection de l&rsquo;intime vers la conscience politique.<\/p>[\/et_pb_text][\/et_pb_column][\/et_pb_row][\/et_pb_section]\n","protected":false},"excerpt":{"rendered":"<p>GillesPetit-GatsAuteur et photographe\u00ab\u00a0La photographie est la litt\u00e9rature de l\u2019\u0153il\u00a0\u00bb R\u00e9my DonnadieuLa recherche du sensLe livre photoEssai aux \u00e9ditions Libre et Solidaire\u00a0 \u00a0ParisGilles Petit-Gats est auteur-photographe, install\u00e9 en Bretagne. Il cherche \u00e0 d\u00e9couvrir ce qu&rsquo;on ne regarde plus. Ses compositions peuvent r\u00e9v\u00e9ler l&rsquo;\u00e9paisseur r\u00e9jouissante d&rsquo;un vide apparent comme l&rsquo;histoire secr\u00e8te de personnages passant dans son champ. [&hellip;]<\/p>\n","protected":false},"author":1,"featured_media":2390,"parent":0,"menu_order":0,"comment_status":"open","ping_status":"closed","template":"","meta":{"_et_pb_use_builder":"on","_et_pb_old_content":"","_et_gb_content_width":"","om_disable_all_campaigns":false,"_monsterinsights_skip_tracking":false,"_monsterinsights_sitenote_active":false,"_monsterinsights_sitenote_note":"","_monsterinsights_sitenote_category":0,"_uf_show_specific_survey":0,"_uf_disable_surveys":false,"footnotes":""},"class_list":["post-17","page","type-page","status-publish","has-post-thumbnail","hentry"],"yoast_head":"<!-- This site is optimized with the Yoast SEO plugin v21.9.1 - https:\/\/yoast.com\/wordpress\/plugins\/seo\/ -->\n<title>Accueil - gillespetitgats.fr auteur photographe et \u00e9crivain<\/title>\n<meta name=\"description\" content=\"GPG, auteur et photographe en Bretagne, explore l\u2019intimit\u00e9 \u00e0 partir de ses traces humaines. A la crois\u00e9e du po\u00e9tique, du documentaire, et de la r\u00e9flexion philosophique.\" \/>\n<meta name=\"robots\" content=\"index, follow, max-snippet:-1, max-image-preview:large, max-video-preview:-1\" \/>\n<link rel=\"canonical\" href=\"https:\/\/gillespetitgats.fr\/\" \/>\n<meta property=\"og:locale\" content=\"fr_FR\" \/>\n<meta property=\"og:type\" content=\"article\" \/>\n<meta property=\"og:title\" content=\"Accueil - gillespetitgats.fr auteur photographe et \u00e9crivain\" \/>\n<meta property=\"og:description\" content=\"GPG, auteur et photographe en Bretagne, explore l\u2019intimit\u00e9 \u00e0 partir de ses traces humaines. A la crois\u00e9e du po\u00e9tique, du documentaire, et de la r\u00e9flexion philosophique.\" \/>\n<meta property=\"og:url\" content=\"https:\/\/gillespetitgats.fr\/\" \/>\n<meta property=\"og:site_name\" content=\"gillespetitgats.fr\" \/>\n<meta property=\"article:modified_time\" content=\"2026-01-06T10:42:12+00:00\" \/>\n<meta property=\"og:image\" content=\"https:\/\/gillespetitgats.fr\/wp-content\/uploads\/2025\/12\/gilles-petit-gats-la-recherche-du-sens-saint-malo-bretagne-france-@gilles_petitgats_photographie-www.gillespetitgats.fr_.jpg\" \/>\n\t<meta property=\"og:image:width\" content=\"1000\" \/>\n\t<meta property=\"og:image:height\" content=\"1000\" \/>\n\t<meta property=\"og:image:type\" content=\"image\/jpeg\" \/>\n<meta name=\"twitter:card\" content=\"summary_large_image\" \/>\n<meta name=\"twitter:label1\" content=\"Dur\u00e9e de lecture estim\u00e9e\" \/>\n\t<meta name=\"twitter:data1\" content=\"2 minutes\" \/>\n<script type=\"application\/ld+json\" class=\"yoast-schema-graph\">{\"@context\":\"https:\/\/schema.org\",\"@graph\":[{\"@type\":\"WebPage\",\"@id\":\"https:\/\/gillespetitgats.fr\/\",\"url\":\"https:\/\/gillespetitgats.fr\/\",\"name\":\"Accueil - gillespetitgats.fr auteur photographe et \u00e9crivain\",\"isPartOf\":{\"@id\":\"https:\/\/gillespetitgats.fr\/#website\"},\"datePublished\":\"2023-06-03T10:25:51+00:00\",\"dateModified\":\"2026-01-06T10:42:12+00:00\",\"description\":\"GPG, auteur et photographe en Bretagne, explore l\u2019intimit\u00e9 \u00e0 partir de ses traces humaines. A la crois\u00e9e du po\u00e9tique, du documentaire, et de la r\u00e9flexion philosophique.\",\"breadcrumb\":{\"@id\":\"https:\/\/gillespetitgats.fr\/#breadcrumb\"},\"inLanguage\":\"fr-FR\",\"potentialAction\":[{\"@type\":\"ReadAction\",\"target\":[\"https:\/\/gillespetitgats.fr\/\"]}]},{\"@type\":\"BreadcrumbList\",\"@id\":\"https:\/\/gillespetitgats.fr\/#breadcrumb\",\"itemListElement\":[{\"@type\":\"ListItem\",\"position\":1,\"name\":\"Accueil\",\"item\":\"https:\/\/gillespetitgats.fr\/\"},{\"@type\":\"ListItem\",\"position\":2,\"name\":\"accueil\"}]},{\"@type\":\"WebSite\",\"@id\":\"https:\/\/gillespetitgats.fr\/#website\",\"url\":\"https:\/\/gillespetitgats.fr\/\",\"name\":\"gillespetitgats.fr\",\"description\":\"Auteur- artiste-photographe\",\"publisher\":{\"@id\":\"https:\/\/gillespetitgats.fr\/#\/schema\/person\/0c1662b608ef5808d4e9ee78910ee5a9\"},\"potentialAction\":[{\"@type\":\"SearchAction\",\"target\":{\"@type\":\"EntryPoint\",\"urlTemplate\":\"https:\/\/gillespetitgats.fr\/?s={search_term_string}\"},\"query-input\":\"required name=search_term_string\"}],\"inLanguage\":\"fr-FR\"},{\"@type\":[\"Person\",\"Organization\"],\"@id\":\"https:\/\/gillespetitgats.fr\/#\/schema\/person\/0c1662b608ef5808d4e9ee78910ee5a9\",\"name\":\"g.petitgats@gmail.com\",\"image\":{\"@type\":\"ImageObject\",\"inLanguage\":\"fr-FR\",\"@id\":\"https:\/\/gillespetitgats.fr\/#\/schema\/person\/image\/\",\"url\":\"https:\/\/secure.gravatar.com\/avatar\/764034e429ae1c266fdceb60dbdc9da0aea8e80c23e29afefc51dc8236875213?s=96&d=mm&r=g\",\"contentUrl\":\"https:\/\/secure.gravatar.com\/avatar\/764034e429ae1c266fdceb60dbdc9da0aea8e80c23e29afefc51dc8236875213?s=96&d=mm&r=g\",\"caption\":\"g.petitgats@gmail.com\"},\"logo\":{\"@id\":\"https:\/\/gillespetitgats.fr\/#\/schema\/person\/image\/\"},\"sameAs\":[\"http:\/\/gillespetitgats.fr\"]}]}<\/script>\n<!-- \/ Yoast SEO plugin. -->","yoast_head_json":{"title":"Accueil - gillespetitgats.fr auteur photographe et \u00e9crivain","description":"GPG, auteur et photographe en Bretagne, explore l\u2019intimit\u00e9 \u00e0 partir de ses traces humaines. A la crois\u00e9e du po\u00e9tique, du documentaire, et de la r\u00e9flexion philosophique.","robots":{"index":"index","follow":"follow","max-snippet":"max-snippet:-1","max-image-preview":"max-image-preview:large","max-video-preview":"max-video-preview:-1"},"canonical":"https:\/\/gillespetitgats.fr\/","og_locale":"fr_FR","og_type":"article","og_title":"Accueil - gillespetitgats.fr auteur photographe et \u00e9crivain","og_description":"GPG, auteur et photographe en Bretagne, explore l\u2019intimit\u00e9 \u00e0 partir de ses traces humaines. A la crois\u00e9e du po\u00e9tique, du documentaire, et de la r\u00e9flexion philosophique.","og_url":"https:\/\/gillespetitgats.fr\/","og_site_name":"gillespetitgats.fr","article_modified_time":"2026-01-06T10:42:12+00:00","og_image":[{"width":1000,"height":1000,"url":"https:\/\/gillespetitgats.fr\/wp-content\/uploads\/2025\/12\/gilles-petit-gats-la-recherche-du-sens-saint-malo-bretagne-france-@gilles_petitgats_photographie-www.gillespetitgats.fr_.jpg","type":"image\/jpeg"}],"twitter_card":"summary_large_image","twitter_misc":{"Dur\u00e9e de lecture estim\u00e9e":"2 minutes"},"schema":{"@context":"https:\/\/schema.org","@graph":[{"@type":"WebPage","@id":"https:\/\/gillespetitgats.fr\/","url":"https:\/\/gillespetitgats.fr\/","name":"Accueil - gillespetitgats.fr auteur photographe et \u00e9crivain","isPartOf":{"@id":"https:\/\/gillespetitgats.fr\/#website"},"datePublished":"2023-06-03T10:25:51+00:00","dateModified":"2026-01-06T10:42:12+00:00","description":"GPG, auteur et photographe en Bretagne, explore l\u2019intimit\u00e9 \u00e0 partir de ses traces humaines. A la crois\u00e9e du po\u00e9tique, du documentaire, et de la r\u00e9flexion philosophique.","breadcrumb":{"@id":"https:\/\/gillespetitgats.fr\/#breadcrumb"},"inLanguage":"fr-FR","potentialAction":[{"@type":"ReadAction","target":["https:\/\/gillespetitgats.fr\/"]}]},{"@type":"BreadcrumbList","@id":"https:\/\/gillespetitgats.fr\/#breadcrumb","itemListElement":[{"@type":"ListItem","position":1,"name":"Accueil","item":"https:\/\/gillespetitgats.fr\/"},{"@type":"ListItem","position":2,"name":"accueil"}]},{"@type":"WebSite","@id":"https:\/\/gillespetitgats.fr\/#website","url":"https:\/\/gillespetitgats.fr\/","name":"gillespetitgats.fr","description":"Auteur- artiste-photographe","publisher":{"@id":"https:\/\/gillespetitgats.fr\/#\/schema\/person\/0c1662b608ef5808d4e9ee78910ee5a9"},"potentialAction":[{"@type":"SearchAction","target":{"@type":"EntryPoint","urlTemplate":"https:\/\/gillespetitgats.fr\/?s={search_term_string}"},"query-input":"required name=search_term_string"}],"inLanguage":"fr-FR"},{"@type":["Person","Organization"],"@id":"https:\/\/gillespetitgats.fr\/#\/schema\/person\/0c1662b608ef5808d4e9ee78910ee5a9","name":"g.petitgats@gmail.com","image":{"@type":"ImageObject","inLanguage":"fr-FR","@id":"https:\/\/gillespetitgats.fr\/#\/schema\/person\/image\/","url":"https:\/\/secure.gravatar.com\/avatar\/764034e429ae1c266fdceb60dbdc9da0aea8e80c23e29afefc51dc8236875213?s=96&d=mm&r=g","contentUrl":"https:\/\/secure.gravatar.com\/avatar\/764034e429ae1c266fdceb60dbdc9da0aea8e80c23e29afefc51dc8236875213?s=96&d=mm&r=g","caption":"g.petitgats@gmail.com"},"logo":{"@id":"https:\/\/gillespetitgats.fr\/#\/schema\/person\/image\/"},"sameAs":["http:\/\/gillespetitgats.fr"]}]}},"_links":{"self":[{"href":"https:\/\/gillespetitgats.fr\/index.php\/wp-json\/wp\/v2\/pages\/17","targetHints":{"allow":["GET"]}}],"collection":[{"href":"https:\/\/gillespetitgats.fr\/index.php\/wp-json\/wp\/v2\/pages"}],"about":[{"href":"https:\/\/gillespetitgats.fr\/index.php\/wp-json\/wp\/v2\/types\/page"}],"author":[{"embeddable":true,"href":"https:\/\/gillespetitgats.fr\/index.php\/wp-json\/wp\/v2\/users\/1"}],"replies":[{"embeddable":true,"href":"https:\/\/gillespetitgats.fr\/index.php\/wp-json\/wp\/v2\/comments?post=17"}],"version-history":[{"count":273,"href":"https:\/\/gillespetitgats.fr\/index.php\/wp-json\/wp\/v2\/pages\/17\/revisions"}],"predecessor-version":[{"id":2413,"href":"https:\/\/gillespetitgats.fr\/index.php\/wp-json\/wp\/v2\/pages\/17\/revisions\/2413"}],"wp:featuredmedia":[{"embeddable":true,"href":"https:\/\/gillespetitgats.fr\/index.php\/wp-json\/wp\/v2\/media\/2390"}],"wp:attachment":[{"href":"https:\/\/gillespetitgats.fr\/index.php\/wp-json\/wp\/v2\/media?parent=17"}],"curies":[{"name":"wp","href":"https:\/\/api.w.org\/{rel}","templated":true}]}}